{"id":990,"date":"2022-11-16T16:05:25","date_gmt":"2022-11-16T16:05:25","guid":{"rendered":"https:\/\/unikcollection.esoluce.com\/?post_type=product&#038;p=990"},"modified":"2024-11-02T13:32:38","modified_gmt":"2024-11-02T13:32:38","slug":"duffle-bag-leather","status":"publish","type":"product","link":"https:\/\/unikcollection.net\/fr\/produit\/duffle-bag-leather\/","title":{"rendered":"Sac en cuir de type Duffle"},"content":{"rendered":"<p>Fabriqu\u00e9 en cuir de premi\u00e8re qualit\u00e9 et fabriqu\u00e9 \u00e0 la main par des artisans exp\u00e9riment\u00e9s, le design d'inspiration vintage combin\u00e9 au cuir us\u00e9 donne un aspect riche et \u00e9l\u00e9gant. Fermetures \u00e0 glissi\u00e8re en m\u00e9tal pour la durabilit\u00e9 et le bon fonctionnement, 2 poches lat\u00e9rales \u00e0 glissi\u00e8re et 1 poche int\u00e9rieure \u00e0 glissi\u00e8re pour les petites affaires. Doublure r\u00e9sistante \u00e0 l'eau et sections internes pour les cartes, les stylos et le t\u00e9l\u00e9phone portable.<\/p>\n<p>Sac de voyage en cuir \/\/ Sac de luxe imprim\u00e9 de haute qualit\u00e9 \/\/ Sac de voyage pour hommes et femmes, meilleur cadeau de No\u00ebl \/\/ Sac \u00e0 bagages en cuir \/\/ Sac de voyage Overnight Weekend en cuir Sports<\/p>\n<p>Les clous m\u00e9talliques \u00e0 la base prot\u00e8gent le cuir. Un accessoire indispensable et un cadeau parfait pour le voyageur Le sac polyvalent peut \u00eatre utilis\u00e9 comme sac de voyage, sac de sport, sac de sport, sac de nuit, sac de cabine pour le week-end, sac de transport, etc.<\/p>\n<p>cuir Duffel cuir sac de voyage cuir sac \u00e0 bagages cuir fourre-tout cuir gym Duffle<br \/>\nService \u00e0 la client\u00e8le : La qualit\u00e9 du produit est un facteur tr\u00e8s important pour les entreprises, mais aussi pour les clients. Notre devise est la suivante : qualit\u00e9 \u00e9lev\u00e9e, prix bas, exp\u00e9dition rapide et attention port\u00e9e \u00e0 nos clients. Si vous avez des questions sur nos produits, n'h\u00e9sitez pas \u00e0 nous contacter, notre \u00e9quipe de service client\u00e8le est disponible 24 heures sur 24, 7 jours sur 7 pour vous servir.<\/p>\n<p>Veuillez consulter la boutique pour voir les autres produits : <a href=\"https:\/\/unikcollection.net\/fr\/shop\/\">Boutique de la collection Unik<\/a><\/p>\n<p>N'h\u00e9sitez pas \u00e0 visiter nos pages de r\u00e9seaux sociaux : <a href=\"https:\/\/www.facebook.com\/unikcollectionllc\">Facebook<\/a>, <a href=\"https:\/\/www.instagram.com\/unikcollectionllc\/\">Instagram<\/a>, &#8230;<\/p>\n<p>Merci de faire vos achats chez nous \ud83d\ude42<\/p>\n<div style=\"width: 352px;\" class=\"wp-video\"><!--[if lt IE 9]><script>document.createElement('video');<\/script><![endif]-->\n<video class=\"wp-video-shortcode\" id=\"video-990-1\" width=\"352\" height=\"640\" preload=\"metadata\" controls=\"controls\"><source type=\"video\/mp4\" src=\"https:\/\/unikcollection.net\/wp-content\/uploads\/2022\/11\/Duffle-Bag-Leather-Vdeo.m4v?_=1\" \/><a href=\"https:\/\/unikcollection.net\/wp-content\/uploads\/2022\/11\/Duffle-Bag-Leather-Vdeo.m4v\">https:\/\/unikcollection.net\/wp-content\/uploads\/2022\/11\/Duffle-Bag-Leather-Vdeo.m4v<\/a><\/video><\/div>","protected":false},"excerpt":{"rendered":"<p>Fabriqu\u00e9 en cuir de premi\u00e8re qualit\u00e9 et r\u00e9alis\u00e9 \u00e0 la main par des artisans exp\u00e9riment\u00e9s, le sac Duffel en cuir donne une allure riche et \u00e9l\u00e9gante.<\/p>","protected":false},"featured_media":1348,"comment_status":"open","ping_status":"closed","template":"","meta":{"om_disable_all_campaigns":false,"_monsterinsights_skip_tracking":false,"_monsterinsights_sitenote_active":false,"_monsterinsights_sitenote_note":"","_monsterinsights_sitenote_category":0},"product_cat":[17,27,18,28],"product_tag":[258,259,252,253,254,256,250,247,248,251,257,249,255],"class_list":{"0":"post-990","1":"product","2":"type-product","3":"status-publish","4":"has-post-thumbnail","6":"product_cat-men","7":"product_cat-bags-and-belts","8":"product_cat-women","9":"product_cat-bags-and-belts-women","10":"product_tag-crocodile-leather","11":"product_tag-gift-for-men","12":"product_tag-leather-bag-handmade","13":"product_tag-leather-duffel-bag","14":"product_tag-leather-duffel-men","15":"product_tag-leather-duffel-women","16":"product_tag-leather-gym-bag","17":"product_tag-leather-luggage-bag","18":"product_tag-leather-weekend-bag","19":"product_tag-leather-weekender","20":"product_tag-overnight-bag","21":"product_tag-personalized-bag","22":"product_tag-travel-duffel-bag","24":"first","25":"onbackorder","26":"taxable","27":"shipping-taxable","28":"purchasable","29":"product-type-variable"},"aioseo_notices":[],"_links":{"self":[{"href":"https:\/\/unikcollection.net\/fr\/wp-json\/wp\/v2\/product\/990"}],"collection":[{"href":"https:\/\/unikcollection.net\/fr\/wp-json\/wp\/v2\/product"}],"about":[{"href":"https:\/\/unikcollection.net\/fr\/wp-json\/wp\/v2\/types\/product"}],"replies":[{"embeddable":true,"href":"https:\/\/unikcollection.net\/fr\/wp-json\/wp\/v2\/comments?post=990"}],"wp:featuredmedia":[{"embeddable":true,"href":"https:\/\/unikcollection.net\/fr\/wp-json\/wp\/v2\/media\/1348"}],"wp:attachment":[{"href":"https:\/\/unikcollection.net\/fr\/wp-json\/wp\/v2\/media?parent=990"}],"wp:term":[{"taxonomy":"product_cat","embeddable":true,"href":"https:\/\/unikcollection.net\/fr\/wp-json\/wp\/v2\/product_cat?post=990"},{"taxonomy":"product_tag","embeddable":true,"href":"https:\/\/unikcollection.net\/fr\/wp-json\/wp\/v2\/product_tag?post=990"}],"curies":[{"name":"wp","href":"https:\/\/api.w.org\/{rel}","templated":true}]}}