{"id":986,"date":"2022-11-16T16:03:13","date_gmt":"2022-11-16T16:03:13","guid":{"rendered":"https:\/\/unikcollection.esoluce.com\/?post_type=product&#038;p=986"},"modified":"2023-10-25T11:26:51","modified_gmt":"2023-10-25T11:26:51","slug":"printed-gold-buckle","status":"publish","type":"product","link":"https:\/\/unikcollection.net\/fr\/produit\/printed-gold-buckle\/","title":{"rendered":"Boucle en or imprim\u00e9e"},"content":{"rendered":"<p>Ceinture en cuir v\u00e9ritable pour hommes<\/p>\n<p>Excellent accessoire pour les tenues formelles et d\u00e9contract\u00e9es des hommes<\/p>\n<p>Ceinture en cuir v\u00e9ritable de grande qualit\u00e9. Son design \u00e9l\u00e9gant en fait une ceinture pour homme parfaite \u00e0 porter avec un costume pour le travail, un \u00e9v\u00e9nement sp\u00e9cial, ou avec une tenue d\u00e9contract\u00e9e telle qu'un jean. La boucle est amovible, ce qui permet de la retirer pour raccourcir la ceinture ou d'utiliser la boucle d'une autre ceinture. Ceinture en cuir v\u00e9ritable avec boucle dor\u00e9e de qualit\u00e9.<\/p>\n<p>Boucle dor\u00e9e imprim\u00e9e \/\/ Ceintures de luxe pour hommes \/\/ Ceinture de cr\u00e9ateur en cuir v\u00e9ritable pour hommes \/\/ Ceintures authentiques pour hommes \/\/ Ceinture habill\u00e9e<\/p>\n<p>Il s'agit d'une magnifique ceinture dont la combinaison de couleurs s'harmonise avec n'importe quelle chemise et n'importe quel pantalon. Elle se marie parfaitement avec des tenues classiques, d\u00e9contract\u00e9es, habill\u00e9es ou formelles, ce qui la rend id\u00e9ale pour une utilisation quotidienne ou pour des occasions sp\u00e9ciales. Cette ceinture a une superbe combinaison de couleurs qui s'accordera avec n'importe quelle chemise et n'importe quel pantalon.<\/p>\n<p>C'est une excellente id\u00e9e de cadeau pour votre coll\u00e8gue, votre partenaire ou m\u00eame votre patron \u00e0 l'occasion de Thanksgiving, de No\u00ebl, du Nouvel An, de P\u00e2ques, etc. Ceinture d\u00e9contract\u00e9e ou habill\u00e9e, cette ceinture en cuir est parfaite pour les jeans mais peut facilement se transformer en ceinture habill\u00e9e. La pr\u00e9cision de la fabrication garantit la durabilit\u00e9 de notre ceinture en cuir v\u00e9ritable.<\/p>\n<p>Service \u00e0 la client\u00e8le : La qualit\u00e9 du produit est un facteur tr\u00e8s important pour les entreprises, mais aussi pour les clients. Notre devise est la suivante : qualit\u00e9 \u00e9lev\u00e9e, prix bas, exp\u00e9dition rapide et attention port\u00e9e \u00e0 nos clients. Si vous avez des questions sur nos produits, n'h\u00e9sitez pas \u00e0 nous contacter, notre \u00e9quipe de service client\u00e8le est disponible 24 heures sur 24, 7 jours sur 7 pour vous servir.<\/p>\n<p>Veuillez consulter la boutique pour voir les autres produits : <a href=\"https:\/\/unikcollection.net\/fr\/shop\/\">Boutique de la collection Unik<\/a><\/p>\n<p>N'h\u00e9sitez pas \u00e0 visiter nos pages de r\u00e9seaux sociaux : <a href=\"https:\/\/www.facebook.com\/unikcollectionllc\">Facebook<\/a>, <a href=\"https:\/\/www.instagram.com\/unikcollectionllc\/\">Instagram<\/a>, &#8230;<\/p>\n<p>Merci de faire vos achats chez nous \ud83d\ude42<\/p>","protected":false},"excerpt":{"rendered":"<p>Son design \u00e9l\u00e9gant fait de la boucle dor\u00e9e imprim\u00e9e une ceinture pour homme parfaite \u00e0 porter avec un costume en toutes circonstances ou avec une tenue d\u00e9contract\u00e9e.<\/p>","protected":false},"featured_media":987,"comment_status":"open","ping_status":"closed","template":"","meta":{"om_disable_all_campaigns":false,"_monsterinsights_skip_tracking":false,"_monsterinsights_sitenote_active":false,"_monsterinsights_sitenote_note":"","_monsterinsights_sitenote_category":0},"product_cat":[17,27],"product_tag":[352,122,360,351,356,358,124,355,353,361,359,357,354],"class_list":{"0":"post-986","1":"product","2":"type-product","3":"status-publish","4":"has-post-thumbnail","6":"product_cat-men","7":"product_cat-bags-and-belts","8":"product_tag-belt","9":"product_tag-black","10":"product_tag-black-belt","11":"product_tag-fashion-belt","12":"product_tag-genuine-leather","13":"product_tag-genuine-leather-belt","14":"product_tag-gift-for-him","15":"product_tag-logo","16":"product_tag-pants-belt","17":"product_tag-printed-gold-buckle","18":"product_tag-quality-gold-buckle","19":"product_tag-reversible","20":"product_tag-special-belts","22":"first","23":"outofstock","24":"taxable","25":"shipping-taxable","26":"purchasable","27":"product-type-variable"},"aioseo_notices":[],"_links":{"self":[{"href":"https:\/\/unikcollection.net\/fr\/wp-json\/wp\/v2\/product\/986"}],"collection":[{"href":"https:\/\/unikcollection.net\/fr\/wp-json\/wp\/v2\/product"}],"about":[{"href":"https:\/\/unikcollection.net\/fr\/wp-json\/wp\/v2\/types\/product"}],"replies":[{"embeddable":true,"href":"https:\/\/unikcollection.net\/fr\/wp-json\/wp\/v2\/comments?post=986"}],"wp:featuredmedia":[{"embeddable":true,"href":"https:\/\/unikcollection.net\/fr\/wp-json\/wp\/v2\/media\/987"}],"wp:attachment":[{"href":"https:\/\/unikcollection.net\/fr\/wp-json\/wp\/v2\/media?parent=986"}],"wp:term":[{"taxonomy":"product_cat","embeddable":true,"href":"https:\/\/unikcollection.net\/fr\/wp-json\/wp\/v2\/product_cat?post=986"},{"taxonomy":"product_tag","embeddable":true,"href":"https:\/\/unikcollection.net\/fr\/wp-json\/wp\/v2\/product_tag?post=986"}],"curies":[{"name":"wp","href":"https:\/\/api.w.org\/{rel}","templated":true}]}}