{"id":948,"date":"2022-11-16T15:41:21","date_gmt":"2022-11-16T15:41:21","guid":{"rendered":"https:\/\/unikcollection.esoluce.com\/?post_type=product&#038;p=948"},"modified":"2023-10-25T11:28:42","modified_gmt":"2023-10-25T11:28:42","slug":"floral-blue-slim-fit-pant","status":"publish","type":"product","link":"https:\/\/unikcollection.net\/fr\/produit\/floral-blue-slim-fit-pant\/","title":{"rendered":"Pantalon slim bleu floral"},"content":{"rendered":"<p>Le motif \u00e0 carreaux du pantalon habill\u00e9 slim est \u00e9l\u00e9gant, simple et non monotone. Associez facilement votre T-shirt, polo, chemise, ceinture et une paire de chaussures pour cr\u00e9er un style d\u00e9contract\u00e9 ou professionnel. Portez un pantalon formel exquis et ajust\u00e9, adapt\u00e9 au bureau, \u00e0 une r\u00e9union ou \u00e0 un rendez-vous.<\/p>\n<p>Titre : Floral Blue slim Fit Pant \/\/ Pantalon slim \u00e0 carreaux pour hommes \/\/ Pantalon habill\u00e9 \u00e0 taille ajustable \u00e0 carreaux \/\/ Pantalon crayon \u00e0 taille \u00e9lastiqu\u00e9e sur le devant<\/p>\n<p>Les pantalons sont con\u00e7us avec une coupe ajust\u00e9e et des motifs \u00e0 carreaux jusqu'\u00e0 ce que les chevilles deviennent plus fines, ce qui peut mettre en valeur votre silhouette. La mati\u00e8re est douce, confortable \u00e0 porter, et peut \u00eatre port\u00e9e toute l'ann\u00e9e. Le pantalon peut \u00eatre assorti \u00e0 des chemises, des vestes ou des manteaux pour cr\u00e9er un style professionnel d\u00e9contract\u00e9. Il convient au travail, \u00e0 l'\u00e9cole, aux f\u00eates et aux tenues d\u00e9contract\u00e9es de tous les jours. Il peut \u00e9galement \u00eatre offert en cadeau au p\u00e8re, au mari et aux amis.<\/p>\n<p>Lavable en machine et repassage normal. Taille moyenne, poches lat\u00e9rales et poches sur les hanches. Devant plat, braguette zipp\u00e9e et fermeture \u00e0 boutons. Ce pantalon long pour homme peut mettre en valeur votre silhouette, ni trop serr\u00e9, ni trop ample, avec juste la bonne quantit\u00e9 de tissu. Il est plus bas sur la taille, plus fin sur la cuisse avec une ouverture de jambe effil\u00e9e.<\/p>\n<p>Service \u00e0 la client\u00e8le : La qualit\u00e9 du produit est un facteur tr\u00e8s important pour les entreprises, mais aussi pour les clients. Notre devise est la suivante : qualit\u00e9 \u00e9lev\u00e9e, prix bas, exp\u00e9dition rapide et attention port\u00e9e \u00e0 nos clients. Si vous avez des questions sur nos produits, n'h\u00e9sitez pas \u00e0 nous contacter, notre \u00e9quipe de service client\u00e8le est disponible 24 heures sur 24, 7 jours sur 7 pour vous servir.<\/p>\n<p>Veuillez consulter la boutique pour voir les autres produits : <a href=\"https:\/\/unikcollection.net\/fr\/shop\/\">Boutique de la collection Unik<\/a><\/p>\n<p>N'h\u00e9sitez pas \u00e0 visiter nos pages de r\u00e9seaux sociaux : <a href=\"https:\/\/www.facebook.com\/unikcollectionllc\">Facebook<\/a>, <a href=\"https:\/\/www.instagram.com\/unikcollectionllc\/\">Instagram<\/a>, &#8230;<\/p>\n<p>Merci de faire vos achats chez nous \ud83d\ude42<\/p>","protected":false},"excerpt":{"rendered":"<p>Le design \u00e0 carreaux du pantalon slim Floral Blue est \u00e9l\u00e9gant. Associez un T-shirt, un polo, une chemise et une paire de chaussures pour cr\u00e9er un style d\u00e9contract\u00e9 ou professionnel.<\/p>","protected":false},"featured_media":949,"comment_status":"open","ping_status":"closed","template":"","meta":{"om_disable_all_campaigns":false,"_monsterinsights_skip_tracking":false,"_monsterinsights_sitenote_active":false,"_monsterinsights_sitenote_note":"","_monsterinsights_sitenote_category":0},"product_cat":[17,22],"product_tag":[245,246,242,237,195,243,261,124,239,241,260,238],"class_list":{"0":"post-948","1":"product","2":"type-product","3":"status-publish","4":"has-post-thumbnail","6":"product_cat-men","7":"product_cat-suits","8":"product_tag-adjustable-waist","9":"product_tag-casual-slim-fit","10":"product_tag-check-pants","11":"product_tag-dress-pant","12":"product_tag-easy-to-wear","13":"product_tag-fashion-pant","14":"product_tag-floral-blue-pant","15":"product_tag-gift-for-him","16":"product_tag-mens-plaid-pant","17":"product_tag-mens-slim-pant","18":"product_tag-plaid-pant","19":"product_tag-slim-fit-pant","21":"first","22":"outofstock","23":"taxable","24":"shipping-taxable","25":"purchasable","26":"product-type-variable"},"aioseo_notices":[],"_links":{"self":[{"href":"https:\/\/unikcollection.net\/fr\/wp-json\/wp\/v2\/product\/948"}],"collection":[{"href":"https:\/\/unikcollection.net\/fr\/wp-json\/wp\/v2\/product"}],"about":[{"href":"https:\/\/unikcollection.net\/fr\/wp-json\/wp\/v2\/types\/product"}],"replies":[{"embeddable":true,"href":"https:\/\/unikcollection.net\/fr\/wp-json\/wp\/v2\/comments?post=948"}],"wp:featuredmedia":[{"embeddable":true,"href":"https:\/\/unikcollection.net\/fr\/wp-json\/wp\/v2\/media\/949"}],"wp:attachment":[{"href":"https:\/\/unikcollection.net\/fr\/wp-json\/wp\/v2\/media?parent=948"}],"wp:term":[{"taxonomy":"product_cat","embeddable":true,"href":"https:\/\/unikcollection.net\/fr\/wp-json\/wp\/v2\/product_cat?post=948"},{"taxonomy":"product_tag","embeddable":true,"href":"https:\/\/unikcollection.net\/fr\/wp-json\/wp\/v2\/product_tag?post=948"}],"curies":[{"name":"wp","href":"https:\/\/api.w.org\/{rel}","templated":true}]}}