{"id":915,"date":"2022-11-16T15:24:20","date_gmt":"2022-11-16T15:24:20","guid":{"rendered":"https:\/\/unikcollection.esoluce.com\/?post_type=product&#038;p=915"},"modified":"2024-11-09T12:44:26","modified_gmt":"2024-11-09T12:44:26","slug":"white-dress-slim-fit-shirt","status":"publish","type":"product","link":"https:\/\/unikcollection.net\/fr\/produit\/white-dress-slim-fit-shirt\/","title":{"rendered":"Robe de smoking blanche Chemise \u00e0 volants Slim Fit"},"content":{"rendered":"<p>Mati\u00e8re : coton<br \/>\nCouleur : blanc<br \/>\nSexe applicable : Homme<br \/>\nSaisons appropri\u00e9es : Printemps, \u00e9t\u00e9, automne, hiver<br \/>\nFacile \u00e0 associer \u00e0 un pantalon d\u00e9contract\u00e9 ou \u00e0 un pantalon habill\u00e9.<br \/>\nChemises en satin polyvalentes pour hommes, un must-have pour votre garde-robe.<\/p>\n<p>Chemise blanche \/\/ Chemise de smoking pour homme \/\/ Chemise de smoking \/\/ Chemise pour homme \/\/ Chemise \u00e0 fleurs pour homme \/\/ Chemise de soir\u00e9e \/\/ Chemise \u00e0 manches longues<\/p>\n<p>Caract\u00e9ristiques : Fermeture \u00e0 boutons, manches longues, col montant, volants, couleur blanche, coupe cintr\u00e9e. Chemise blanche de smoking de luxe. Bonne ventilation, confortable, douce et facile \u00e0 porter.<\/p>\n<p>Occasions : La chemise d'homme d'affaires est dot\u00e9e d'un col large, de manches longues, d'une fermeture boutonn\u00e9e et de poignets r\u00e9glables, ce qui lui conf\u00e8re une allure tr\u00e8s tendance. Convient \u00e0 toutes les occasions, comme la vie quotidienne, le bureau, la maison, le voyage d'affaires, la plage, la f\u00eate de mariage, les voyages, les lieux de vill\u00e9giature, les rendez-vous, le parc, la f\u00eate d'Halloween, etc. Portez cette chemise partout o\u00f9 vous le souhaitez. La chemise classique est parfaite pour les occasions formelles ou d\u00e9contract\u00e9es, telles que : Business, travail, bureau, mariage, f\u00eate, bal de fin d'ann\u00e9e, concert, bo\u00eete de nuit, concert, rendez-vous, d\u00e9contract\u00e9 et ainsi de suite ; c'est \u00e9galement un cadeau id\u00e9al pour la famille, les amoureux, les amis, les coll\u00e8gues, la f\u00eate des p\u00e8res, la Saint-Valentin, No\u00ebl.Le bouton du haut peut \u00eatre ouvert pour une atmosph\u00e8re d\u00e9tendue et d\u00e9contract\u00e9e de tous les jours, ou une cravate ou un n\u0153ud papillon peuvent \u00eatre port\u00e9s pour le style parfait d'affaires.Service \u00e0 la client\u00e8le.<\/p>\n<p>Mati\u00e8re : La chemise \u00e0 manches longues est fabriqu\u00e9e en coton de haute qualit\u00e9, ce qui facilite les mouvements du corps. Douce et confortable, elle a une bonne capacit\u00e9 de respiration, est infroissable et ne se d\u00e9forme pas facilement.<\/p>\n<p>La qualit\u00e9 du produit est un facteur tr\u00e8s important pour les deux entreprises et pour les clients. Notre devise est la suivante : haute qualit\u00e9, prix bas, livraison rapide et attention port\u00e9e \u00e0 nos clients. Si vous avez des questions sur nos produits, n'h\u00e9sitez pas \u00e0 nous contacter. Notre \u00e9quipe de service client\u00e8le est disponible 24 heures sur 24 et 7 jours sur 7 pour vous servir.<\/p>\n<p>Veuillez consulter la boutique pour voir les autres produits : <a href=\"https:\/\/unikcollection.net\/fr\/shop\/\">Boutique de la collection Unik<\/a><\/p>\n<p>N'h\u00e9sitez pas \u00e0 visiter nos pages de r\u00e9seaux sociaux : <a href=\"https:\/\/www.facebook.com\/unikcollectionllc\">Facebook<\/a>, <a href=\"https:\/\/www.instagram.com\/unikcollectionllc\/\">Instagram<\/a>, &#8230;<\/p>\n<p>Merci de faire vos achats chez nous \ud83d\ude42<\/p>","protected":false},"excerpt":{"rendered":"<p>Cette chemise d'affaires pour hommes pr\u00e9sente un col ouvert, des manches longues, une fermeture boutonn\u00e9e et des poignets r\u00e9glables, pour un look \u00e0 la mode.<\/p>","protected":false},"featured_media":1341,"comment_status":"open","ping_status":"closed","template":"","meta":{"om_disable_all_campaigns":false,"_monsterinsights_skip_tracking":false,"_monsterinsights_sitenote_active":false,"_monsterinsights_sitenote_note":"","_monsterinsights_sitenote_category":0},"product_cat":[17,20],"product_tag":[195,230,101,124,104,407,229,406,405,383,317,228,385],"class_list":{"0":"post-915","1":"product","2":"type-product","3":"status-publish","4":"has-post-thumbnail","6":"product_cat-men","7":"product_cat-shirt","8":"product_tag-easy-to-wear","9":"product_tag-floral-shirt-men","10":"product_tag-formal-shirt","11":"product_tag-gift-for-him","12":"product_tag-long-sleeves-shirt","13":"product_tag-ruffle-shirt","14":"product_tag-shirts-for-men","15":"product_tag-slim-fit","16":"product_tag-stylish-shirt","17":"product_tag-tuxedo-ruffle","18":"product_tag-tuxedo-shirt","19":"product_tag-wedding-shirt","20":"product_tag-white-dress-shirt","22":"first","23":"instock","24":"sale","25":"taxable","26":"shipping-taxable","27":"purchasable","28":"product-type-variable","29":"has-default-attributes"},"aioseo_notices":[],"_links":{"self":[{"href":"https:\/\/unikcollection.net\/fr\/wp-json\/wp\/v2\/product\/915"}],"collection":[{"href":"https:\/\/unikcollection.net\/fr\/wp-json\/wp\/v2\/product"}],"about":[{"href":"https:\/\/unikcollection.net\/fr\/wp-json\/wp\/v2\/types\/product"}],"replies":[{"embeddable":true,"href":"https:\/\/unikcollection.net\/fr\/wp-json\/wp\/v2\/comments?post=915"}],"wp:featuredmedia":[{"embeddable":true,"href":"https:\/\/unikcollection.net\/fr\/wp-json\/wp\/v2\/media\/1341"}],"wp:attachment":[{"href":"https:\/\/unikcollection.net\/fr\/wp-json\/wp\/v2\/media?parent=915"}],"wp:term":[{"taxonomy":"product_cat","embeddable":true,"href":"https:\/\/unikcollection.net\/fr\/wp-json\/wp\/v2\/product_cat?post=915"},{"taxonomy":"product_tag","embeddable":true,"href":"https:\/\/unikcollection.net\/fr\/wp-json\/wp\/v2\/product_tag?post=915"}],"curies":[{"name":"wp","href":"https:\/\/api.w.org\/{rel}","templated":true}]}}