{"id":897,"date":"2022-11-15T10:58:50","date_gmt":"2022-11-15T10:58:50","guid":{"rendered":"https:\/\/unikcollection.esoluce.com\/?post_type=product&#038;p=897"},"modified":"2024-10-09T12:29:41","modified_gmt":"2024-10-09T12:29:41","slug":"men-wedding-tuxedo-ruffle","status":"publish","type":"product","link":"https:\/\/unikcollection.net\/fr\/produit\/men-wedding-tuxedo-ruffle\/","title":{"rendered":"Chemise rouge \u00e0 volants pour smoking de mariage pour hommes"},"content":{"rendered":"<p>Mat\u00e9riau : coton<br \/>\nCouleur : Rouge<br \/>\nSexe applicable : Homme<br \/>\nSaisons appropri\u00e9es : Printemps, \u00e9t\u00e9, automne, hiver<br \/>\nFacile \u00e0 associer \u00e0 un pantalon d\u00e9contract\u00e9 ou \u00e0 un pantalon habill\u00e9.<\/p>\n<p>Chemises en satin polyvalentes pour hommes, un must-have pour votre garde-robe.<\/p>\n<p>Smoking pour homme de mariage \/\/ Chemise rouge avec bouton de manchette \/\/ Chemise de smoking \/\/ Chemises pour homme \/\/ Chemise \u00e0 fleurs pour homme \/\/ Chemise de soir\u00e9e \/\/ Chemise \u00e0 manches longues \/ Manchettes fran\u00e7aises Mariage<\/p>\n<p>Caract\u00e9ristiques : Fermeture par bouton, manches longues, col montant, volant, couleur rouge, coupe ajust\u00e9e. Chemise rouge de smoking, tenue de c\u00e9r\u00e9monie de luxe. Bonne ventilation, confortable, doux et facile \u00e0 porter.<br \/>\nMat\u00e9riau : Fabriqu\u00e9 \u00e0 partir d'un tissu de coton de haute qualit\u00e9, doux et respirant, l\u00e9ger et \u00e0 s\u00e9chage rapide La chemise habill\u00e9e \u00e0 manches longues est faite d'un tissu de coton de haute qualit\u00e9, vous permet de bouger le corps plus facilement, doux et confortable avec une bonne respirabilit\u00e9, sans plis et pas facile \u00e0 d\u00e9former.<\/p>\n<p>Occasions : La chemise d'affaires pour hommes pr\u00e9sente un col ouvert, des manches longues, une fermeture \u00e0 boutons, des poignets r\u00e9glables, pour un look tendance. Convient \u00e0 toutes les occasions, comme le quotidien d\u00e9contract\u00e9, le bureau, la maison, le voyage d'affaires, la plage, la f\u00eate de mariage, le voyage, la station baln\u00e9aire, les rencontres, le parc, la f\u00eate des costumes d'Halloween, etc. Portez cette chemise o\u00f9 vous voulez. La chemise classique est parfaite pour les occasions formelles ou quotidiennes, telles que : Business, travail, bureau, mariage, f\u00eate, bal de promo, concert, bo\u00eete de nuit, concert, date, d\u00e9contract\u00e9 et ainsi de suite ; c'est aussi un cadeau id\u00e9al pour la famille, les amoureux, les amis, les coll\u00e8gues, la f\u00eate des p\u00e8res, la Saint-Valentin, No\u00ebl.Le bouton sup\u00e9rieur peut \u00eatre ouvert pour une atmosph\u00e8re d\u00e9tendue et d\u00e9contract\u00e9e au quotidien, ou une cravate ou un n\u0153ud papillon peut \u00eatre port\u00e9 pour le style d'affaires parfait.<\/p>\n<p>Service \u00e0 la client\u00e8le : La qualit\u00e9 du produit est un facteur tr\u00e8s important pour les entreprises, mais aussi pour les clients. Notre devise est la suivante : qualit\u00e9 \u00e9lev\u00e9e, prix bas, exp\u00e9dition rapide et attention port\u00e9e \u00e0 nos clients. Si vous avez des questions sur nos produits, n'h\u00e9sitez pas \u00e0 nous contacter, notre \u00e9quipe de service client\u00e8le est disponible 24 heures sur 24, 7 jours sur 7 pour vous servir.<\/p>\n<p>Veuillez consulter la boutique pour voir les autres produits : <a href=\"https:\/\/unikcollection.net\/fr\/shop\/\">Boutique de la collection Unik<\/a><\/p>\n<p>N'h\u00e9sitez pas \u00e0 visiter nos pages de r\u00e9seaux sociaux : <a href=\"https:\/\/www.facebook.com\/unikcollectionllc\">Facebook<\/a>, <a href=\"https:\/\/www.instagram.com\/unikcollectionllc\/\">Instagram<\/a>, &#8230;<\/p>\n<p>Merci de faire vos achats chez nous \ud83d\ude42<\/p>","protected":false},"excerpt":{"rendered":"<p>Le smoking de mariage \u00e0 volants est dot\u00e9 d'un col large, de manches longues, d'une fermeture \u00e0 boutons et d'un poignet r\u00e9glable, pour un look tendance.<\/p>","protected":false},"featured_media":1338,"comment_status":"open","ping_status":"closed","template":"","meta":{"om_disable_all_campaigns":false,"_monsterinsights_skip_tracking":false,"_monsterinsights_sitenote_active":false,"_monsterinsights_sitenote_note":"","_monsterinsights_sitenote_category":0},"product_cat":[17,20],"product_tag":[195,230,101,232,104,321,320,318,322,229,319,317,228],"class_list":{"0":"post-897","1":"product","2":"type-product","3":"status-publish","4":"has-post-thumbnail","6":"product_cat-men","7":"product_cat-shirt","8":"product_tag-easy-to-wear","9":"product_tag-floral-shirt-men","10":"product_tag-formal-shirt","11":"product_tag-gift-fom-him","12":"product_tag-long-sleeves-shirt","13":"product_tag-men-tuxedo-ruffle","14":"product_tag-party-wear-shirt","15":"product_tag-ruffle-long-sleeves","16":"product_tag-shirt-with-cufflink","17":"product_tag-shirts-for-men","18":"product_tag-slim-dress-shirts","19":"product_tag-tuxedo-shirt","20":"product_tag-wedding-shirt","22":"first","23":"instock","24":"sale","25":"taxable","26":"shipping-taxable","27":"purchasable","28":"product-type-variable","29":"has-default-attributes"},"aioseo_notices":[],"_links":{"self":[{"href":"https:\/\/unikcollection.net\/fr\/wp-json\/wp\/v2\/product\/897"}],"collection":[{"href":"https:\/\/unikcollection.net\/fr\/wp-json\/wp\/v2\/product"}],"about":[{"href":"https:\/\/unikcollection.net\/fr\/wp-json\/wp\/v2\/types\/product"}],"replies":[{"embeddable":true,"href":"https:\/\/unikcollection.net\/fr\/wp-json\/wp\/v2\/comments?post=897"}],"wp:featuredmedia":[{"embeddable":true,"href":"https:\/\/unikcollection.net\/fr\/wp-json\/wp\/v2\/media\/1338"}],"wp:attachment":[{"href":"https:\/\/unikcollection.net\/fr\/wp-json\/wp\/v2\/media?parent=897"}],"wp:term":[{"taxonomy":"product_cat","embeddable":true,"href":"https:\/\/unikcollection.net\/fr\/wp-json\/wp\/v2\/product_cat?post=897"},{"taxonomy":"product_tag","embeddable":true,"href":"https:\/\/unikcollection.net\/fr\/wp-json\/wp\/v2\/product_tag?post=897"}],"curies":[{"name":"wp","href":"https:\/\/api.w.org\/{rel}","templated":true}]}}