{"id":894,"date":"2022-11-15T10:55:44","date_gmt":"2022-11-15T10:55:44","guid":{"rendered":"https:\/\/unikcollection.esoluce.com\/?post_type=product&#038;p=894"},"modified":"2023-10-25T11:37:32","modified_gmt":"2023-10-25T11:37:32","slug":"men-formal-wedding-vest-2","status":"publish","type":"product","link":"https:\/\/unikcollection.net\/fr\/produit\/men-formal-wedding-vest-2\/","title":{"rendered":"Gilet de mariage officiel pour hommes"},"content":{"rendered":"<p>Description :<br \/>\nGilet de costume avec de vraies poches ; 2 poches sur le devant. 4 boutons de style vintage. Respirant et absorbant, doux et respectueux de la peau, confortable \u00e0 porter, il ne se d\u00e9forme pas et ne se d\u00e9colore pas.<\/p>\n<p>Gilet de costume sans manches \u00e0 col en U de couleur pure, simple et \u00e0 la mode. Se marie bien avec les chemises, les blazers, les pantalons et les chaussures en cuir.<\/p>\n<p>Gilet de mariage pour homme \/\/ Gilet bleu pour homme \/\/ Gilet pour homme \/\/ Gilet de mariage \/\/ Tenue de soir\u00e9e \/\/ Cadeau pour lui \/\/Gilet de travail<\/p>\n<p>Lavage \u00e0 sec, lavage en machine \/ lavage \u00e0 la main \u00e0 l'eau froide. S\u00e9cher \u00e0 l'air libre et repasser \u00e0 basse temp\u00e9rature si n\u00e9cessaire. Lavage \u00e0 la main recommand\u00e9, ne pas exposer au soleil. Si vous cherchez un gilet pour un bal de fin d'ann\u00e9e ou un mariage, c'est un tr\u00e8s beau gilet, le gilet est bien fait et les boutons sont bien cousus, doux et l\u00e9ger.<\/p>\n<p>Gilet de costume d'homme pour les occasions formelles ou d\u00e9contract\u00e9es, affaires, mariage, bal de fin d'ann\u00e9e, bal de rentr\u00e9e, gar\u00e7ons d'honneur, banquet, c\u00e9r\u00e9monie, f\u00eate, No\u00ebl, remise des dipl\u00f4mes, danse, rendez-vous, d\u00eener. C'est un excellent choix pour offrir \u00e0 votre p\u00e8re, mari, fianc\u00e9, fils, petit-fils, invit\u00e9 ou employ\u00e9 comme cadeau.<\/p>\n<p>Service \u00e0 la client\u00e8le : La qualit\u00e9 du produit est un facteur tr\u00e8s important pour les entreprises, mais aussi pour les clients. Notre devise est la suivante : qualit\u00e9 \u00e9lev\u00e9e, prix bas, exp\u00e9dition rapide et attention port\u00e9e \u00e0 nos clients. Si vous avez des questions sur nos produits, n'h\u00e9sitez pas \u00e0 nous contacter, notre \u00e9quipe de service client\u00e8le est disponible 24 heures sur 24, 7 jours sur 7 pour vous servir.<\/p>\n<p>Veuillez consulter la boutique pour voir les autres produits : <a href=\"https:\/\/unikcollection.net\/fr\/shop\/\">Boutique de la collection Unik<\/a><\/p>\n<p>N'h\u00e9sitez pas \u00e0 visiter nos pages de r\u00e9seaux sociaux : <a href=\"https:\/\/www.facebook.com\/unikcollectionllc\">Facebook<\/a>, <a href=\"https:\/\/www.instagram.com\/unikcollectionllc\/\">Instagram<\/a>, &#8230;<\/p>\n<p>Merci de faire vos achats chez nous \ud83d\ude42<\/p>","protected":false},"excerpt":{"rendered":"<p>Gilet de costume pour homme \u00e0 la mode pour les occasions formelles et d\u00e9contract\u00e9es, affaires, mariage, bal de fin d'ann\u00e9e, homecoming, gar\u00e7ons d'honneur, c\u00e9r\u00e9monie, f\u00eate, No\u00ebl, remise des dipl\u00f4mes, rendez-vous, d\u00eener.<\/p>","protected":false},"featured_media":895,"comment_status":"open","ping_status":"closed","template":"","meta":{"om_disable_all_campaigns":false,"_monsterinsights_skip_tracking":false,"_monsterinsights_sitenote_active":false,"_monsterinsights_sitenote_note":"","_monsterinsights_sitenote_category":0},"product_cat":[17,22],"product_tag":[288,285,289,292,124,291,282,281,287,290,284,283,286],"class_list":{"0":"post-894","1":"product","2":"type-product","3":"status-publish","4":"has-post-thumbnail","6":"product_cat-men","7":"product_cat-suits","8":"product_tag-bussiness-wear","9":"product_tag-double-breasted","10":"product_tag-formal-wear","11":"product_tag-gift-for-father","12":"product_tag-gift-for-him","13":"product_tag-men-vest","14":"product_tag-mens-vest-blue","15":"product_tag-mens-vest-vintage","16":"product_tag-menswear","17":"product_tag-party-prom","18":"product_tag-vintage-waistcoat","19":"product_tag-waistcoat","20":"product_tag-waistcoat-for-men","22":"first","23":"outofstock","24":"taxable","25":"shipping-taxable","26":"purchasable","27":"product-type-variable"},"aioseo_notices":[],"_links":{"self":[{"href":"https:\/\/unikcollection.net\/fr\/wp-json\/wp\/v2\/product\/894"}],"collection":[{"href":"https:\/\/unikcollection.net\/fr\/wp-json\/wp\/v2\/product"}],"about":[{"href":"https:\/\/unikcollection.net\/fr\/wp-json\/wp\/v2\/types\/product"}],"replies":[{"embeddable":true,"href":"https:\/\/unikcollection.net\/fr\/wp-json\/wp\/v2\/comments?post=894"}],"wp:featuredmedia":[{"embeddable":true,"href":"https:\/\/unikcollection.net\/fr\/wp-json\/wp\/v2\/media\/895"}],"wp:attachment":[{"href":"https:\/\/unikcollection.net\/fr\/wp-json\/wp\/v2\/media?parent=894"}],"wp:term":[{"taxonomy":"product_cat","embeddable":true,"href":"https:\/\/unikcollection.net\/fr\/wp-json\/wp\/v2\/product_cat?post=894"},{"taxonomy":"product_tag","embeddable":true,"href":"https:\/\/unikcollection.net\/fr\/wp-json\/wp\/v2\/product_tag?post=894"}],"curies":[{"name":"wp","href":"https:\/\/api.w.org\/{rel}","templated":true}]}}