{"id":863,"date":"2022-11-15T08:53:53","date_gmt":"2022-11-15T08:53:53","guid":{"rendered":"https:\/\/unikcollection.esoluce.com\/?post_type=product&#038;p=863"},"modified":"2023-01-08T19:36:38","modified_gmt":"2023-01-08T19:36:38","slug":"ladies-red-plaid-slippers-loafer","status":"publish","type":"product","link":"https:\/\/unikcollection.net\/fr\/produit\/ladies-red-plaid-slippers-loafer\/","title":{"rendered":"Mesdames Pantoufles \u00e0 carreaux rouges Mocassins"},"content":{"rendered":"<p>Semelle en caoutchouc<br \/>\nBout arrondi et Flex &amp; Fold : Cette forme unique favorise la sant\u00e9 des pieds et offre une totale libert\u00e9 de mouvement. Les mocassins sont confortables et l\u00e9gers. Ils feront imm\u00e9diatement partie de votre collection de chaussures modernes et d\u00e9contract\u00e9es et sont les chaussures parfaites pour les hommes.<\/p>\n<p>Chaussons \u00e0 carreaux rouges pour dames Mocassins \/\/ Mocassins \u00e0 enfiler \/\/ Chaussures pour toutes les occasions \/\/ Mocassins \u00e9l\u00e9gants pour femmes \/\/ Mocassins \u00e0 enfiler rouges<\/p>\n<p>Ces chaussures id\u00e9ales pour les hommes vous plairont certainement.Mat\u00e9riau confortable et durable de haute qualit\u00e9 : Con\u00e7ues pour vous. Cette chaussure Wally offre le confort de marcher sur des nuages.<\/p>\n<p>Avec une semelle int\u00e9rieure qui r\u00e9duit les odeurs, une semelle ext\u00e9rieure l\u00e9g\u00e8re et un tissu en coton respirant qui fait de ces chaussures \u00e0 enfiler l'une des chaussures les plus confortables du march\u00e9.<\/p>\n<p>Id\u00e9al pour les voyages et les d\u00e9placements : la semelle int\u00e9rieure amovible en mousse \u00e0 m\u00e9moire de forme offre un confort maximal et r\u00e9duit la transpiration et les odeurs. Lavable en machine (\u00e0 froid).<\/p>\n<p>Service \u00e0 la client\u00e8le : La qualit\u00e9 du produit est un facteur tr\u00e8s important pour les entreprises, mais aussi pour les clients. Notre devise est la suivante : qualit\u00e9 \u00e9lev\u00e9e, prix bas, exp\u00e9dition rapide et attention port\u00e9e \u00e0 nos clients. Si vous avez des questions sur nos produits, n'h\u00e9sitez pas \u00e0 nous contacter, notre \u00e9quipe de service client\u00e8le est disponible 24 heures sur 24, 7 jours sur 7 pour vous servir.<\/p>\n<p>Veuillez consulter la boutique pour voir les autres produits : <a href=\"https:\/\/unikcollection.net\/fr\/shop\/\">Boutique de la collection Unik<\/a><\/p>\n<p>N'h\u00e9sitez pas \u00e0 visiter nos pages de r\u00e9seaux sociaux : <a href=\"https:\/\/www.facebook.com\/unikcollectionllc\">Facebook<\/a>, <a href=\"https:\/\/www.instagram.com\/unikcollectionllc\/\">Instagram<\/a>, &#8230;<\/p>\n<p>Merci de faire vos achats chez nous \ud83d\ude42<\/p>","protected":false},"excerpt":{"rendered":"<p>Pantoufles mocassins \u00e0 carreaux rouges pour femmes : elles favorisent la sant\u00e9 des pieds gr\u00e2ce \u00e0 leur forme unique offrant une totale libert\u00e9 de mouvement.<\/p>","protected":false},"featured_media":865,"comment_status":"open","ping_status":"closed","template":"","meta":{"om_disable_all_campaigns":false,"_monsterinsights_skip_tracking":false,"_monsterinsights_sitenote_active":false,"_monsterinsights_sitenote_note":"","_monsterinsights_sitenote_category":0},"product_cat":[18,36],"product_tag":[263,269,271,270,168,267,272,264,265,273,268,266],"class_list":{"0":"post-863","1":"product","2":"type-product","3":"status-publish","4":"has-post-thumbnail","6":"product_cat-women","7":"product_cat-shoes-women","8":"product_tag-dress-shoes","9":"product_tag-fabric","10":"product_tag-gift-for-her","11":"product_tag-loafers-slip-on-loafer","12":"product_tag-luxury-designer","13":"product_tag-plaid","14":"product_tag-red-plaid","15":"product_tag-shoes","16":"product_tag-slip-on-shoes","17":"product_tag-slippers-loafer","18":"product_tag-tartan-print","19":"product_tag-womens-shoes","21":"first","22":"instock","23":"sale","24":"taxable","25":"shipping-taxable","26":"purchasable","27":"product-type-variable"},"aioseo_notices":[],"_links":{"self":[{"href":"https:\/\/unikcollection.net\/fr\/wp-json\/wp\/v2\/product\/863"}],"collection":[{"href":"https:\/\/unikcollection.net\/fr\/wp-json\/wp\/v2\/product"}],"about":[{"href":"https:\/\/unikcollection.net\/fr\/wp-json\/wp\/v2\/types\/product"}],"replies":[{"embeddable":true,"href":"https:\/\/unikcollection.net\/fr\/wp-json\/wp\/v2\/comments?post=863"}],"wp:featuredmedia":[{"embeddable":true,"href":"https:\/\/unikcollection.net\/fr\/wp-json\/wp\/v2\/media\/865"}],"wp:attachment":[{"href":"https:\/\/unikcollection.net\/fr\/wp-json\/wp\/v2\/media?parent=863"}],"wp:term":[{"taxonomy":"product_cat","embeddable":true,"href":"https:\/\/unikcollection.net\/fr\/wp-json\/wp\/v2\/product_cat?post=863"},{"taxonomy":"product_tag","embeddable":true,"href":"https:\/\/unikcollection.net\/fr\/wp-json\/wp\/v2\/product_tag?post=863"}],"curies":[{"name":"wp","href":"https:\/\/api.w.org\/{rel}","templated":true}]}}