{"id":854,"date":"2022-11-15T08:43:25","date_gmt":"2022-11-15T08:43:25","guid":{"rendered":"https:\/\/unikcollection.esoluce.com\/?post_type=product&#038;p=854"},"modified":"2023-01-08T15:59:55","modified_gmt":"2023-01-08T15:59:55","slug":"men-designer-valvet-shoes-2","status":"publish","type":"product","link":"https:\/\/unikcollection.net\/fr\/produit\/men-designer-valvet-shoes-2\/","title":{"rendered":"Chaussures en velours rouge de marque pour hommes"},"content":{"rendered":"<p>Chaussures en velours pour hommes \/\/ Chaussures mocassins en velours ROUGE \/\/ Mocassins en velours pour hommes \/\/ Chaussures confortables de forme ronde \/\/ Cadeau pour hommes<\/p>\n<p>Mati\u00e8re : Velours de qualit\u00e9 sup\u00e9rieure<br \/>\nSemelle int\u00e9rieure : Coussin en mousse \u00e0 m\u00e9moire de forme<br \/>\nTous les mat\u00e9riaux utilis\u00e9s sont v\u00e9g\u00e9taliens et durables<\/p>\n<p>Chaussures de velours pour hommes \/\/ Chaussures de velours rouge pour mocassins \/\/ Mocassins en velours pour hommes \/\/ Chaussures confortables de forme ronde \/\/ Cadeau pour hommes<\/p>\n<p>Les chaussures de la marque sont id\u00e9ales pour toutes les f\u00eates de mode masculine, la danse, les f\u00eates de mariage et les d\u00e9fil\u00e9s de mode d\u00e9contract\u00e9s. Cadeaux id\u00e9aux pour les parents \u00e0 offrir \u00e0 leur fils, amant, famille, amis, et autres. Vous vous d\u00e9marquerez ainsi de la concurrence.<\/p>\n<p>Mocassins mode pour hommes pour le bal de fin d'ann\u00e9e. mettant en valeur l'\u00e9l\u00e9gance future, la vie mode d'un jeune homme confiant, et une compr\u00e9hension de la valeur de la marque d\u00e9sir\u00e9e. pr\u00e9f\u00e9rences de gentleman, modes de vie sophistiqu\u00e9s, habill\u00e9s et d\u00e9contract\u00e9s, magnifiques mariages, f\u00eates ou chaussures de vacances.<\/p>\n<p>Ce produit a \u00e9t\u00e9 fabriqu\u00e9 \u00e0 la main, et non \u00e0 l'aide d'une machine. Nos clients b\u00e9n\u00e9ficient d'un haut niveau de confort et d'une grande qualit\u00e9 gr\u00e2ce au processus de fabrication \u00e0 la main de nos mocassins. Pour nos mocassins, nous mettons un point d'honneur \u00e0 choisir les meilleures mati\u00e8res premi\u00e8res. Le confort de nos chaussures est toujours garanti.<\/p>\n<p>Service \u00e0 la client\u00e8le : La qualit\u00e9 du produit est un facteur tr\u00e8s important pour les entreprises, mais aussi pour les clients. Notre devise est la suivante : qualit\u00e9 \u00e9lev\u00e9e, prix bas, exp\u00e9dition rapide et attention port\u00e9e \u00e0 nos clients. Si vous avez des questions sur nos produits, n'h\u00e9sitez pas \u00e0 nous contacter, notre \u00e9quipe de service client\u00e8le est disponible 24 heures sur 24, 7 jours sur 7 pour vous servir.<\/p>\n<p>Veuillez consulter la boutique pour voir les autres produits : <a href=\"https:\/\/unikcollection.net\/fr\/shop\/\">Boutique de la collection Unik<\/a><\/p>\n<p>N'h\u00e9sitez pas \u00e0 visiter nos pages de r\u00e9seaux sociaux : <a href=\"https:\/\/www.facebook.com\/unikcollectionllc\">Facebook<\/a>, <a href=\"https:\/\/www.instagram.com\/unikcollectionllc\/\">Instagram<\/a>, &#8230;<\/p>\n<p>Merci de faire vos achats chez nous \ud83d\ude42<\/p>","protected":false},"excerpt":{"rendered":"<p>Les chaussures pour hommes Designer Valvet sont id\u00e9ales pour toutes les f\u00eates, les soir\u00e9es dansantes, les mariages et les d\u00e9fil\u00e9s de mode d\u00e9contract\u00e9s.<\/p>","protected":false},"featured_media":1328,"comment_status":"open","ping_status":"closed","template":"","meta":{"om_disable_all_campaigns":false,"_monsterinsights_skip_tracking":false,"_monsterinsights_sitenote_active":false,"_monsterinsights_sitenote_note":"","_monsterinsights_sitenote_category":0},"product_cat":[17,19],"product_tag":[120,124,126,123,128,127,118,117,274,280,121,116,119],"class_list":{"0":"post-854","1":"product","2":"type-product","3":"status-publish","4":"has-post-thumbnail","6":"product_cat-men","7":"product_cat-shoes","8":"product_tag-flat","9":"product_tag-gift-for-him","10":"product_tag-gift-for-man","11":"product_tag-loafers","12":"product_tag-mans-wear","13":"product_tag-mens-fashion","14":"product_tag-mens-shoes","15":"product_tag-prom-shoes","16":"product_tag-red","17":"product_tag-red-velvet","18":"product_tag-velvet","19":"product_tag-wedding-gift","20":"product_tag-wedding-shoes","22":"first","23":"instock","24":"sale","25":"taxable","26":"shipping-taxable","27":"purchasable","28":"product-type-variable"},"aioseo_notices":[],"_links":{"self":[{"href":"https:\/\/unikcollection.net\/fr\/wp-json\/wp\/v2\/product\/854"}],"collection":[{"href":"https:\/\/unikcollection.net\/fr\/wp-json\/wp\/v2\/product"}],"about":[{"href":"https:\/\/unikcollection.net\/fr\/wp-json\/wp\/v2\/types\/product"}],"replies":[{"embeddable":true,"href":"https:\/\/unikcollection.net\/fr\/wp-json\/wp\/v2\/comments?post=854"}],"wp:featuredmedia":[{"embeddable":true,"href":"https:\/\/unikcollection.net\/fr\/wp-json\/wp\/v2\/media\/1328"}],"wp:attachment":[{"href":"https:\/\/unikcollection.net\/fr\/wp-json\/wp\/v2\/media?parent=854"}],"wp:term":[{"taxonomy":"product_cat","embeddable":true,"href":"https:\/\/unikcollection.net\/fr\/wp-json\/wp\/v2\/product_cat?post=854"},{"taxonomy":"product_tag","embeddable":true,"href":"https:\/\/unikcollection.net\/fr\/wp-json\/wp\/v2\/product_tag?post=854"}],"curies":[{"name":"wp","href":"https:\/\/api.w.org\/{rel}","templated":true}]}}