{"id":824,"date":"2022-11-15T08:25:27","date_gmt":"2022-11-15T08:25:27","guid":{"rendered":"https:\/\/unikcollection.esoluce.com\/?post_type=product&#038;p=824"},"modified":"2023-01-08T19:43:12","modified_gmt":"2023-01-08T19:43:12","slug":"womens-designer-blue-velvet-shoes","status":"publish","type":"product","link":"https:\/\/unikcollection.net\/fr\/produit\/womens-designer-blue-velvet-shoes\/","title":{"rendered":"Chaussures en daim bleu pour femmes"},"content":{"rendered":"<div style=\"width: 1080px;\" class=\"wp-video\"><!--[if lt IE 9]><script>document.createElement('video');<\/script><![endif]-->\n<video class=\"wp-video-shortcode\" id=\"video-824-1\" width=\"1080\" height=\"1002\" preload=\"metadata\" controls=\"controls\"><source type=\"video\/mp4\" src=\"https:\/\/unikcollection.net\/wp-content\/uploads\/2022\/11\/blue-shoes-video.mp4?_=1\" \/><a href=\"https:\/\/unikcollection.net\/wp-content\/uploads\/2022\/11\/blue-shoes-video.mp4\">https:\/\/unikcollection.net\/wp-content\/uploads\/2022\/11\/blue-shoes-video.mp4<\/a><\/video><\/div>\n<p>Mati\u00e8re : Velours de qualit\u00e9 sup\u00e9rieure<br \/>\nEntretien : Nettoyage ponctuel avec une solution d'ac\u00e9tone<br \/>\nSemelle int\u00e9rieure : Coussin en mousse \u00e0 m\u00e9moire de forme<br \/>\nTous les mat\u00e9riaux utilis\u00e9s sont v\u00e9g\u00e9taliens et durables<\/p>\n<p>Chaussures en daim bleu pour femmes \/\/ Mocassins en daim bleu \/\/ Mocassins en velours bleu pour femmes \/\/ Chaussures confortables de forme ronde \/\/ Cadeau pour femmes<\/p>\n<p>Les mocassins de mode pour le bal de fin d'ann\u00e9e des femmes pour les mariages et les f\u00eates. L'\u00e9l\u00e9gance future, la confiance en soi des jeunes femmes dans la vie de la mode et la compr\u00e9hension de la valeur de la marque souhait\u00e9e. Les pr\u00e9f\u00e9rences des femmes, les modes de vie sophistiqu\u00e9s, habill\u00e9s et d\u00e9contract\u00e9s, les magnifiques mariages, les f\u00eates ou les chaussures de vacances.<\/p>\n<p>Les chaussures de la marque sont id\u00e9ales pour les soir\u00e9es de mode, les soir\u00e9es dansantes, les f\u00eates de mariage et les d\u00e9fil\u00e9s de mode d\u00e9contract\u00e9s. Cadeaux id\u00e9aux pour les parents \u00e0 offrir \u00e0 leur fils, \u00e0 leur amoureux, \u00e0 leur famille, \u00e0 leurs amis et \u00e0 d'autres. Vous vous d\u00e9marquerez ainsi de la concurrence.<\/p>\n<p>Ce produit a \u00e9t\u00e9 fabriqu\u00e9 \u00e0 la main, et non \u00e0 l'aide d'une machine. Nos clients b\u00e9n\u00e9ficient d'un haut niveau de confort et d'une grande qualit\u00e9 gr\u00e2ce au processus de fabrication \u00e0 la main de nos mocassins. Pour nos mocassins, nous mettons un point d'honneur \u00e0 choisir les meilleures mati\u00e8res premi\u00e8res. Le confort de nos chaussures Creme de la Creme est toujours garanti.<\/p>\n<p>Service \u00e0 la client\u00e8le : La qualit\u00e9 du produit est un facteur tr\u00e8s important pour les entreprises, mais aussi pour les clients. Notre devise est la suivante : qualit\u00e9 \u00e9lev\u00e9e, prix bas, exp\u00e9dition rapide et attention port\u00e9e \u00e0 nos clients. Si vous avez des questions sur nos produits, n'h\u00e9sitez pas \u00e0 nous contacter, notre \u00e9quipe de service client\u00e8le est disponible 24 heures sur 24, 7 jours sur 7 pour vous servir.<\/p>\n<p>Veuillez consulter la boutique pour voir les autres produits : <a href=\"https:\/\/unikcollection.net\/fr\/shop\/\">Boutique de la collection Unik<\/a><\/p>\n<p>N'h\u00e9sitez pas \u00e0 visiter nos pages de r\u00e9seaux sociaux : <a href=\"https:\/\/www.facebook.com\/unikcollectionllc\">Facebook<\/a>, <a href=\"https:\/\/www.instagram.com\/unikcollectionllc\/\">Instagram<\/a>, &#8230;<\/p>\n<p>Merci de faire vos achats chez nous \ud83d\ude42<\/p>","protected":false},"excerpt":{"rendered":"<p>Chaussures en velours bleu pour le bal de fin d'ann\u00e9e. Soulignant l'\u00e9l\u00e9gance future, la vie de mode confiante pour les jeunes femmes.<\/p>","protected":false},"featured_media":1612,"comment_status":"open","ping_status":"closed","template":"","meta":{"om_disable_all_campaigns":false,"_monsterinsights_skip_tracking":false,"_monsterinsights_sitenote_active":false,"_monsterinsights_sitenote_note":"","_monsterinsights_sitenote_category":0},"product_cat":[18,36],"product_tag":[174,408,279,263,120,271,123,409,121,119,411,410,412],"class_list":{"0":"post-824","1":"product","2":"type-product","3":"status-publish","4":"has-post-thumbnail","6":"product_cat-women","7":"product_cat-shoes-women","8":"product_tag-best-gift","9":"product_tag-blue","10":"product_tag-blue-velvet","11":"product_tag-dress-shoes","12":"product_tag-flat","13":"product_tag-gift-for-her","14":"product_tag-loafers","15":"product_tag-stylish-shoes","16":"product_tag-velvet","17":"product_tag-wedding-shoes","18":"product_tag-womens-fashion","19":"product_tag-womens-loafer-shoes","20":"product_tag-womens-wear","22":"first","23":"instock","24":"sale","25":"taxable","26":"shipping-taxable","27":"purchasable","28":"product-type-variable"},"aioseo_notices":[],"_links":{"self":[{"href":"https:\/\/unikcollection.net\/fr\/wp-json\/wp\/v2\/product\/824"}],"collection":[{"href":"https:\/\/unikcollection.net\/fr\/wp-json\/wp\/v2\/product"}],"about":[{"href":"https:\/\/unikcollection.net\/fr\/wp-json\/wp\/v2\/types\/product"}],"replies":[{"embeddable":true,"href":"https:\/\/unikcollection.net\/fr\/wp-json\/wp\/v2\/comments?post=824"}],"wp:featuredmedia":[{"embeddable":true,"href":"https:\/\/unikcollection.net\/fr\/wp-json\/wp\/v2\/media\/1612"}],"wp:attachment":[{"href":"https:\/\/unikcollection.net\/fr\/wp-json\/wp\/v2\/media?parent=824"}],"wp:term":[{"taxonomy":"product_cat","embeddable":true,"href":"https:\/\/unikcollection.net\/fr\/wp-json\/wp\/v2\/product_cat?post=824"},{"taxonomy":"product_tag","embeddable":true,"href":"https:\/\/unikcollection.net\/fr\/wp-json\/wp\/v2\/product_tag?post=824"}],"curies":[{"name":"wp","href":"https:\/\/api.w.org\/{rel}","templated":true}]}}