{"id":792,"date":"2022-11-14T20:20:19","date_gmt":"2022-11-14T20:20:19","guid":{"rendered":"https:\/\/unikcollection.esoluce.com\/?post_type=product&#038;p=792"},"modified":"2024-06-29T16:07:16","modified_gmt":"2024-06-29T16:07:16","slug":"mens-tee-african-king-gold-printed-t-shirt","status":"publish","type":"product","link":"https:\/\/unikcollection.net\/fr\/produit\/mens-tee-african-king-gold-printed-t-shirt\/","title":{"rendered":"T-shirt imprim\u00e9 African King Gold pour hommes"},"content":{"rendered":"<p>T-shirt \u00e0 demi-manches ajust\u00e9, confortable, en coton m\u00e9lang\u00e9, pour hommes.<\/p>\n<p>Satisfaction du client garantie !<br \/>\nUn T-shirt \u00e0 demi-manches super confortable fabriqu\u00e9 avec un coton 100%. Nos T-shirts \u00e9tablissent la norme pour un tee-shirt standard.<br \/>\nMat\u00e9riau : coton<br \/>\nCouleur : Noir<br \/>\nSexe applicable : Homme<br \/>\nSaisons appropri\u00e9es : Printemps, \u00e9t\u00e9, automne, hiver<br \/>\nFacile \u00e0 associer \u00e0 un pantalon d\u00e9contract\u00e9 ou \u00e0 un pantalon habill\u00e9.<br \/>\nChemises polyvalentes pour hommes, un must-have pour votre garde-robe.<\/p>\n<p>Tee-shirt homme African King Gold Printed T-shirt \/\/ Chemise personnalis\u00e9e de qualit\u00e9 internationale \/\/ T-shirt \u00e0 demi-manches en coton \/\/ Chemise \u00e0 demi-manches King of Hearts pour homme<\/p>\n<p>Satisfaction du client garantie !<br \/>\nT-shirt \u00e0 demi-manches ajust\u00e9, confortable, en coton m\u00e9lang\u00e9, pour hommes.<br \/>\nUn T-shirt \u00e0 demi-manches super confortable fabriqu\u00e9 avec un coton 100%. Nos T-shirts \u00e9tablissent la norme pour un tee-shirt standard.<br \/>\nCette chemise classique noire vous donne un look \u00e0 la mode. Elle convient \u00e0 toutes les occasions, comme les loisirs quotidiens, le bureau, la maison, les voyages d'affaires, la plage, les f\u00eates de mariage, les voyages, les lieux de vill\u00e9giature, les rendez-vous, les parcs, les f\u00eates d'Halloween, etc. Portez cette chemise partout o\u00f9 vous le souhaitez.<\/p>\n<p>La chemise \u00e0 manches longues est fabriqu\u00e9e en coton de haute qualit\u00e9, ce qui facilite les mouvements du corps. Douce et confortable, elle respire bien, est infroissable et ne se d\u00e9forme pas facilement.<\/p>\n<p>poitrine gaufr\u00e9e, demi-manches, volants, couleur noire, coupe cintr\u00e9e. Chemise de smoking de luxe. Bonne ventilation, confortable, douce et facile \u00e0 porter.<br \/>\nLa chemise classique est parfaite pour les occasions formelles ou quotidiennes d\u00e9contract\u00e9es, telles que : Affaires, travail, bureau, mariage, f\u00eate, bal de promo, concert, bo\u00eete de nuit, concert, date, d\u00e9contract\u00e9 et ainsi de suite ; c'est aussi un cadeau id\u00e9al pour la famille, les amoureux, les amis, les coll\u00e8gues, la f\u00eate des p\u00e8res ,la Saint-Valentin, No\u00ebl.<\/p>\n<p>Service \u00e0 la client\u00e8le : La qualit\u00e9 du produit est un facteur tr\u00e8s important pour les entreprises, mais aussi pour les clients. Notre devise est la suivante : qualit\u00e9 \u00e9lev\u00e9e, prix bas, exp\u00e9dition rapide et attention port\u00e9e \u00e0 nos clients. Si vous avez des questions sur nos produits, n'h\u00e9sitez pas \u00e0 nous contacter, notre \u00e9quipe de service client\u00e8le est disponible 24 heures sur 24, 7 jours sur 7 pour vous servir.<\/p>\n<p>Veuillez consulter la boutique pour voir les autres produits : <a href=\"https:\/\/unikcollection.net\/fr\/shop\/\">Boutique de la collection Unik<\/a><\/p>\n<p>N'h\u00e9sitez pas \u00e0 visiter nos pages de r\u00e9seaux sociaux : <a href=\"https:\/\/www.facebook.com\/unikcollectionllc\">Facebook<\/a>, <a href=\"https:\/\/www.instagram.com\/unikcollectionllc\/\">Instagram<\/a>, &#8230;<\/p>\n<p>Merci de faire vos achats chez nous \ud83d\ude42<\/p>","protected":false},"excerpt":{"rendered":"<p>T-shirt \u00e0 demi-manches en coton m\u00e9lang\u00e9, ajust\u00e9 et confortable, pour homme. T-shirt pour homme imprim\u00e9 African King Gold en coton 100% super confortable.<\/p>","protected":false},"featured_media":794,"comment_status":"open","ping_status":"closed","template":"","meta":{"om_disable_all_campaigns":false,"_monsterinsights_skip_tracking":false,"_monsterinsights_sitenote_active":false,"_monsterinsights_sitenote_note":"","_monsterinsights_sitenote_category":0},"product_cat":[17,63,20],"product_tag":[201,197,195,234,230,101,232,194,203,233,229,235,228],"class_list":{"0":"post-792","1":"product","2":"type-product","3":"status-publish","4":"has-post-thumbnail","6":"product_cat-men","7":"product_cat-t-shirt","8":"product_cat-shirt","9":"product_tag-black-dress-shirt","10":"product_tag-cotton-shirt","11":"product_tag-easy-to-wear","12":"product_tag-fathers-gift","13":"product_tag-floral-shirt-men","14":"product_tag-formal-shirt","15":"product_tag-gift-fom-him","16":"product_tag-half-sleeves-shirt","17":"product_tag-party-wear-dress","18":"product_tag-printed-shirt","19":"product_tag-shirts-for-men","20":"product_tag-tuxedo-dress-shirts","21":"product_tag-wedding-shirt","23":"first","24":"instock","25":"taxable","26":"shipping-taxable","27":"purchasable","28":"product-type-variable"},"aioseo_notices":[],"_links":{"self":[{"href":"https:\/\/unikcollection.net\/fr\/wp-json\/wp\/v2\/product\/792"}],"collection":[{"href":"https:\/\/unikcollection.net\/fr\/wp-json\/wp\/v2\/product"}],"about":[{"href":"https:\/\/unikcollection.net\/fr\/wp-json\/wp\/v2\/types\/product"}],"replies":[{"embeddable":true,"href":"https:\/\/unikcollection.net\/fr\/wp-json\/wp\/v2\/comments?post=792"}],"wp:featuredmedia":[{"embeddable":true,"href":"https:\/\/unikcollection.net\/fr\/wp-json\/wp\/v2\/media\/794"}],"wp:attachment":[{"href":"https:\/\/unikcollection.net\/fr\/wp-json\/wp\/v2\/media?parent=792"}],"wp:term":[{"taxonomy":"product_cat","embeddable":true,"href":"https:\/\/unikcollection.net\/fr\/wp-json\/wp\/v2\/product_cat?post=792"},{"taxonomy":"product_tag","embeddable":true,"href":"https:\/\/unikcollection.net\/fr\/wp-json\/wp\/v2\/product_tag?post=792"}],"curies":[{"name":"wp","href":"https:\/\/api.w.org\/{rel}","templated":true}]}}