{"id":781,"date":"2022-11-14T14:55:29","date_gmt":"2022-11-14T14:55:29","guid":{"rendered":"https:\/\/unikcollection.esoluce.com\/?post_type=product&#038;p=781"},"modified":"2022-12-10T11:21:36","modified_gmt":"2022-12-10T11:21:36","slug":"king-royal-mens-long-sleeves","status":"publish","type":"product","link":"https:\/\/unikcollection.net\/fr\/produit\/king-royal-mens-long-sleeves\/","title":{"rendered":"King Royal - Manches longues pour hommes"},"content":{"rendered":"<p>Mat\u00e9riau : coton<\/p>\n<p>Couleur : Noir<\/p>\n<p>Sexe applicable : Homme<\/p>\n<p>Saisons appropri\u00e9es : Printemps, \u00e9t\u00e9, automne, hiver<\/p>\n<p>Facile \u00e0 associer \u00e0 un pantalon d\u00e9contract\u00e9 ou \u00e0 un pantalon de soir\u00e9e<\/p>\n<p>Chemises polyvalentes pour hommes, un must pour votre garde-robe<\/p>\n<p>Manches longues homme King Royal \/\/ Chemise \u00e0 manches longues homme King of Hearts \/\/ Chemise imprim\u00e9e en vinyle \/\/ T-Shirt \u00e0 manches longues en coton<\/p>\n<p>Fabriqu\u00e9 \u00e0 partir d'un tissu en coton de haute qualit\u00e9, doux et respirant, l\u00e9ger et \u00e0 s\u00e9chage rapide La chemise \u00e0 manches longues est fabriqu\u00e9e \u00e0 partir d'un tissu en coton de haute qualit\u00e9, vous permettant de bouger votre corps plus facilement ; doux et confortable avec une bonne capacit\u00e9 de respiration, infroissable et pas facile \u00e0 d\u00e9former.<\/p>\n<p>poitrine \u00e0 volants, manches longues, volants, couleur noire, coupe cintr\u00e9e. Chemise de smoking de luxe. Bonne ventilation, confortable, douce et facile \u00e0 porter.<\/p>\n<p>La chemise classique est parfaite pour les occasions formelles ou quotidiennes d\u00e9contract\u00e9es, telles que : Affaires, travail, bureau, mariage, f\u00eate, bal de promo, concert, bo\u00eete de nuit, concert, date, d\u00e9contract\u00e9 et ainsi de suite ; c'est aussi un cadeau id\u00e9al pour la famille, les amoureux, les amis, les coll\u00e8gues, la f\u00eate des p\u00e8res ,la Saint-Valentin, No\u00ebl.<\/p>\n<p>Cette chemise classique noire vous donne un look \u00e0 la mode. Elle convient \u00e0 toutes les occasions, comme les loisirs quotidiens, le bureau, la maison, les voyages d'affaires, la plage, les f\u00eates de mariage, les voyages, les lieux de vill\u00e9giature, les rendez-vous, les parcs, les f\u00eates de d\u00e9guisement d'Halloween, etc. Portez cette chemise partout o\u00f9 vous le souhaitez.<\/p>\n<p>Service \u00e0 la client\u00e8le : La qualit\u00e9 du produit est un facteur tr\u00e8s important pour les entreprises, mais aussi pour les clients. Notre devise est la suivante : qualit\u00e9 \u00e9lev\u00e9e, prix bas, exp\u00e9dition rapide et attention port\u00e9e \u00e0 nos clients. Si vous avez des questions sur nos produits, n'h\u00e9sitez pas \u00e0 nous contacter, notre \u00e9quipe de service client\u00e8le est disponible 24 heures sur 24, 7 jours sur 7 pour vous servir.<\/p>\n<p>Veuillez consulter la boutique pour voir les autres produits : <a href=\"https:\/\/unikcollection.net\/fr\/shop\/\">Boutique de la collection Unik<\/a><\/p>\n<p>N'h\u00e9sitez pas \u00e0 visiter nos pages de r\u00e9seaux sociaux : <a href=\"https:\/\/www.facebook.com\/unikcollectionllc\">Facebook<\/a>, <a href=\"https:\/\/www.instagram.com\/unikcollectionllc\/\">Instagram<\/a>, &#8230;<\/p>\n<p>Merci de faire vos achats chez nous \ud83d\ude42<\/p>","protected":false},"excerpt":{"rendered":"<p>Chemises polyvalentes pour hommes, indispensables dans votre garde-robe. Les chemises \u00e0 manches longues King Royal pour hommes sont fabriqu\u00e9es en haute qualit\u00e9.<\/p>","protected":false},"featured_media":782,"comment_status":"open","ping_status":"closed","template":"","meta":{"om_disable_all_campaigns":false,"_monsterinsights_skip_tracking":false,"_monsterinsights_sitenote_active":false,"_monsterinsights_sitenote_note":"","_monsterinsights_sitenote_category":0},"product_cat":[17,63],"product_tag":[201,197,195,234,230,101,232,104,203,229,235,262,228],"class_list":{"0":"post-781","1":"product","2":"type-product","3":"status-publish","4":"has-post-thumbnail","6":"product_cat-men","7":"product_cat-t-shirt","8":"product_tag-black-dress-shirt","9":"product_tag-cotton-shirt","10":"product_tag-easy-to-wear","11":"product_tag-fathers-gift","12":"product_tag-floral-shirt-men","13":"product_tag-formal-shirt","14":"product_tag-gift-fom-him","15":"product_tag-long-sleeves-shirt","16":"product_tag-party-wear-dress","17":"product_tag-shirts-for-men","18":"product_tag-tuxedo-dress-shirts","19":"product_tag-vinyl-printed-shirt","20":"product_tag-wedding-shirt","22":"first","23":"instock","24":"taxable","25":"shipping-taxable","26":"purchasable","27":"product-type-variable"},"aioseo_notices":[],"_links":{"self":[{"href":"https:\/\/unikcollection.net\/fr\/wp-json\/wp\/v2\/product\/781"}],"collection":[{"href":"https:\/\/unikcollection.net\/fr\/wp-json\/wp\/v2\/product"}],"about":[{"href":"https:\/\/unikcollection.net\/fr\/wp-json\/wp\/v2\/types\/product"}],"replies":[{"embeddable":true,"href":"https:\/\/unikcollection.net\/fr\/wp-json\/wp\/v2\/comments?post=781"}],"wp:featuredmedia":[{"embeddable":true,"href":"https:\/\/unikcollection.net\/fr\/wp-json\/wp\/v2\/media\/782"}],"wp:attachment":[{"href":"https:\/\/unikcollection.net\/fr\/wp-json\/wp\/v2\/media?parent=781"}],"wp:term":[{"taxonomy":"product_cat","embeddable":true,"href":"https:\/\/unikcollection.net\/fr\/wp-json\/wp\/v2\/product_cat?post=781"},{"taxonomy":"product_tag","embeddable":true,"href":"https:\/\/unikcollection.net\/fr\/wp-json\/wp\/v2\/product_tag?post=781"}],"curies":[{"name":"wp","href":"https:\/\/api.w.org\/{rel}","templated":true}]}}