{"id":773,"date":"2022-11-14T14:35:17","date_gmt":"2022-11-14T14:35:17","guid":{"rendered":"https:\/\/unikcollection.esoluce.com\/?post_type=product&#038;p=773"},"modified":"2024-03-25T00:17:41","modified_gmt":"2024-03-25T00:17:41","slug":"womens-t-shirt-purple-1","status":"publish","type":"product","link":"https:\/\/unikcollection.net\/fr\/produit\/womens-t-shirt-purple-1\/","title":{"rendered":"T-Shirt pour femme violet"},"content":{"rendered":"<p>T-shirt \u00e0 demi-manches ajust\u00e9, confortable, en coton m\u00e9lang\u00e9, pour hommes.<br \/>\nSatisfaction du client garantie !<br \/>\nUn T-shirt \u00e0 manches longues super confortable, fabriqu\u00e9 avec un coton 100%. Nos T-shirts \u00e9tablissent la norme pour un tee-shirt standard.<br \/>\nMat\u00e9riau : coton<br \/>\nCouleur : violet<br \/>\nSexe applicable : f\u00e9minin<br \/>\nSaisons appropri\u00e9es : Printemps, \u00e9t\u00e9, automne, hiver<br \/>\nFacile \u00e0 associer \u00e0 un pantalon d\u00e9contract\u00e9 ou \u00e0 un pantalon habill\u00e9.<br \/>\nChemises polyvalentes pour femmes, indispensables \u00e0 votre garde-robe.<\/p>\n<p>T-Shirt femme violet \/\/ tee-shirt de qualit\u00e9 avec fiert\u00e9 \/\/ imprim\u00e9 africain noir \/\/Saint valentin \/\/ Chemise en coton<\/p>\n<p>Satisfaction du client garantie !<br \/>\nT-shirt confortable \u00e0 demi-manches ajust\u00e9es pour femmes, en coton m\u00e9lang\u00e9.<br \/>\nUn T-shirt \u00e0 demi-manches super confortable fabriqu\u00e9 avec un coton 100%. Nos T-shirts \u00e9tablissent la norme pour un tee-shirt standard.<br \/>\nCette chemise classique bleue vous donne un look tr\u00e8s tendance. Elle convient \u00e0 toutes les occasions, comme les loisirs quotidiens, le bureau, la maison, les voyages d'affaires, la plage, les f\u00eates de mariage, les voyages, les lieux de vill\u00e9giature, les rendez-vous, les parcs, les f\u00eates de d\u00e9guisement d'Halloween, etc. Portez cette chemise partout o\u00f9 vous le souhaitez.<\/p>\n<p>Fabriqu\u00e9 \u00e0 partir d'un tissu en coton de haute qualit\u00e9, doux et respirant, l\u00e9ger et \u00e0 s\u00e9chage rapide La chemise \u00e0 manches longues est fabriqu\u00e9e \u00e0 partir d'un tissu en coton de haute qualit\u00e9, vous permettant de bouger votre corps plus facilement ; doux et confortable avec une bonne capacit\u00e9 de respiration, infroissable et pas facile \u00e0 d\u00e9former.<\/p>\n<p>poitrine \u00e0 volants, demi-manches, volants, couleur violette, coupe cintr\u00e9e. Chemise de smoking de luxe. Bonne ventilation, confortable, douce et facile \u00e0 porter.<br \/>\nLa chemise classique est parfaite pour les occasions formelles ou quotidiennes d\u00e9contract\u00e9es, telles que : Affaires, travail, bureau, mariage, f\u00eate, bal de promo, concert, bo\u00eete de nuit, concert, date, d\u00e9contract\u00e9 et ainsi de suite ; c'est aussi un cadeau id\u00e9al pour la famille, les amoureux, les amis, les coll\u00e8gues, la f\u00eate des p\u00e8res ,la Saint-Valentin, No\u00ebl.<\/p>\n<p>Service \u00e0 la client\u00e8le : La qualit\u00e9 du produit est un facteur tr\u00e8s important pour les entreprises, mais aussi pour les clients. Notre devise est la suivante : qualit\u00e9 \u00e9lev\u00e9e, prix bas, exp\u00e9dition rapide et attention port\u00e9e \u00e0 nos clients. Si vous avez des questions sur nos produits, n'h\u00e9sitez pas \u00e0 nous contacter, notre \u00e9quipe de service client\u00e8le est disponible 24 heures sur 24, 7 jours sur 7 pour vous servir.<\/p>\n<p>Veuillez consulter la boutique pour voir les autres produits : <a href=\"https:\/\/unikcollection.net\/fr\/shop\/\">Boutique de la collection Unik<\/a><\/p>\n<p>N'h\u00e9sitez pas \u00e0 visiter nos pages de r\u00e9seaux sociaux : <a href=\"https:\/\/www.facebook.com\/unikcollectionllc\">Facebook<\/a>, <a href=\"https:\/\/www.instagram.com\/unikcollectionllc\/\">Instagram<\/a>, &#8230;<\/p>\n<p>Merci de faire vos achats chez nous \ud83d\ude42<\/p>","protected":false},"excerpt":{"rendered":"<p>T-shirt confortable \u00e0 demi-manches en coton m\u00e9lang\u00e9 pour hommes. Satisfaction du client garantie ! T-shirt violet en coton 100% super confortable pour femme.<\/p>","protected":false},"featured_media":774,"comment_status":"open","ping_status":"closed","template":"","meta":{"om_disable_all_campaigns":false,"_monsterinsights_skip_tracking":false,"_monsterinsights_sitenote_active":false,"_monsterinsights_sitenote_note":"","_monsterinsights_sitenote_category":0},"product_cat":[18,64],"product_tag":[174,197,195,103,101,196,194,106,203,413,414,193,235],"class_list":{"0":"post-773","1":"product","2":"type-product","3":"status-publish","4":"has-post-thumbnail","6":"product_cat-women","7":"product_cat-t-shirt-women","8":"product_tag-best-gift","9":"product_tag-cotton-shirt","10":"product_tag-easy-to-wear","11":"product_tag-floral-shirt-women","12":"product_tag-formal-shirt","13":"product_tag-gift-fom-her","14":"product_tag-half-sleeves-shirt","15":"product_tag-mothers-gift","16":"product_tag-party-wear-dress","17":"product_tag-purple-dress-shirt","18":"product_tag-purple-shirt","19":"product_tag-shirts-for-women","20":"product_tag-tuxedo-dress-shirts","22":"first","23":"instock","24":"sale","25":"taxable","26":"shipping-taxable","27":"purchasable","28":"product-type-variable"},"aioseo_notices":[],"_links":{"self":[{"href":"https:\/\/unikcollection.net\/fr\/wp-json\/wp\/v2\/product\/773"}],"collection":[{"href":"https:\/\/unikcollection.net\/fr\/wp-json\/wp\/v2\/product"}],"about":[{"href":"https:\/\/unikcollection.net\/fr\/wp-json\/wp\/v2\/types\/product"}],"replies":[{"embeddable":true,"href":"https:\/\/unikcollection.net\/fr\/wp-json\/wp\/v2\/comments?post=773"}],"wp:featuredmedia":[{"embeddable":true,"href":"https:\/\/unikcollection.net\/fr\/wp-json\/wp\/v2\/media\/774"}],"wp:attachment":[{"href":"https:\/\/unikcollection.net\/fr\/wp-json\/wp\/v2\/media?parent=773"}],"wp:term":[{"taxonomy":"product_cat","embeddable":true,"href":"https:\/\/unikcollection.net\/fr\/wp-json\/wp\/v2\/product_cat?post=773"},{"taxonomy":"product_tag","embeddable":true,"href":"https:\/\/unikcollection.net\/fr\/wp-json\/wp\/v2\/product_tag?post=773"}],"curies":[{"name":"wp","href":"https:\/\/api.w.org\/{rel}","templated":true}]}}