{"id":766,"date":"2022-11-14T14:25:54","date_gmt":"2022-11-14T14:25:54","guid":{"rendered":"https:\/\/unikcollection.esoluce.com\/?post_type=product&#038;p=766"},"modified":"2024-10-24T22:39:03","modified_gmt":"2024-10-24T22:39:03","slug":"mens-slim-fit-shirt-with-pin-collar-5","status":"publish","type":"product","link":"https:\/\/unikcollection.net\/fr\/produit\/mens-slim-fit-shirt-with-pin-collar-5\/","title":{"rendered":"Chemise cintr\u00e9e r\u00e9tro de mariage pour hommes"},"content":{"rendered":"<p>Collier facile \u00e0 ajuster qui se plie pour plus de confort<br \/>\nBoutons en m\u00e9tal<br \/>\nMat\u00e9riau : Fabriqu\u00e9 \u00e0 partir de spandex de haute qualit\u00e9, doux et respirant, l\u00e9ger et \u00e0 s\u00e9chage rapide, il vous permet de rester frais et d\u00e9tendu tout le temps.<\/p>\n<p>Chemise pour homme avec col \u00e0 \u00e9pingle \/\/ Chemise blanche pour homme \/\/ Col \u00e0 volants Prom, Party, Mariage Groom \/\/ Chemise pour homme avec col \u00e0 volants<\/p>\n<p>Caract\u00e9ristiques : Fermeture \u00e0 boutons, manches longues, col montant, volants, couleur unie, coupe ajust\u00e9e, longueur basique. Facile \u00e0 enfiler et \u00e0 enlever, il convient \u00e0 l'\u00e9t\u00e9, au printemps et \u00e0 l'automne. Ajouter un peu de fantaisie \u00e0 des mod\u00e8les classiques, c'est ce que nous savons faire ! Ce haut est un excellent exemple de ce que nous pouvons cr\u00e9er. chemise de smoking pour homme \u00e0 volants sur le devant.<\/p>\n<p>Cette chemise \u00e0 col roul\u00e9 attire les compliments. Associez-la \u00e0 un gilet ou \u00e0 un blazer et le tour est jou\u00e9.<\/p>\n<p>Service \u00e0 la client\u00e8le : La qualit\u00e9 du produit est un facteur tr\u00e8s important pour les entreprises, mais aussi pour les clients. Notre devise est la suivante : qualit\u00e9 \u00e9lev\u00e9e, prix bas, exp\u00e9dition rapide et attention port\u00e9e \u00e0 nos clients. Si vous avez des questions sur nos produits, n'h\u00e9sitez pas \u00e0 nous contacter, notre \u00e9quipe de service client\u00e8le est disponible 24 heures sur 24, 7 jours sur 7 pour vous servir.<\/p>\n<p>Veuillez consulter la boutique pour voir les autres produits : <a href=\"https:\/\/unikcollection.net\/fr\/shop\/\">Boutique de la collection Unik<\/a><\/p>\n<p>N'h\u00e9sitez pas \u00e0 visiter nos pages de r\u00e9seaux sociaux : <a href=\"https:\/\/www.facebook.com\/unikcollectionllc\">Facebook<\/a>, <a href=\"https:\/\/www.instagram.com\/unikcollectionllc\/\">Instagram<\/a>, &#8230;<\/p>\n<p>Merci de faire vos achats chez nous \ud83d\ude42<\/p>","protected":false},"excerpt":{"rendered":"<p>La chemise cintr\u00e9e \u00e0 col \u00e0 broches pour hommes convient \u00e0 l'\u00e9t\u00e9, au printemps et \u00e0 l'automne. Un incroyable haut avec de belles broderies.<\/p>","protected":false},"featured_media":1352,"comment_status":"open","ping_status":"closed","template":"","meta":{"om_disable_all_campaigns":false,"_monsterinsights_skip_tracking":false,"_monsterinsights_sitenote_active":false,"_monsterinsights_sitenote_note":"","_monsterinsights_sitenote_category":0},"product_cat":[17,20],"product_tag":[342,101,124,339,341,343,337,336,334,335,340,424,338],"class_list":{"0":"post-766","1":"product","2":"type-product","3":"status-publish","4":"has-post-thumbnail","6":"product_cat-men","7":"product_cat-shirt","8":"product_tag-fall-outfit","9":"product_tag-formal-shirt","10":"product_tag-gift-for-him","11":"product_tag-grooms-tuxedo","12":"product_tag-long-sleeve","13":"product_tag-luxury-dress-shirt","14":"product_tag-mens-shirt","15":"product_tag-mens-top","16":"product_tag-mens-suit","17":"product_tag-ruffle-top","18":"product_tag-tuxedo","19":"product_tag-vintage-shirt","20":"product_tag-wedding-clothes","22":"first","23":"outofstock","24":"taxable","25":"shipping-taxable","26":"purchasable","27":"product-type-variable"},"aioseo_notices":[],"_links":{"self":[{"href":"https:\/\/unikcollection.net\/fr\/wp-json\/wp\/v2\/product\/766"}],"collection":[{"href":"https:\/\/unikcollection.net\/fr\/wp-json\/wp\/v2\/product"}],"about":[{"href":"https:\/\/unikcollection.net\/fr\/wp-json\/wp\/v2\/types\/product"}],"replies":[{"embeddable":true,"href":"https:\/\/unikcollection.net\/fr\/wp-json\/wp\/v2\/comments?post=766"}],"wp:featuredmedia":[{"embeddable":true,"href":"https:\/\/unikcollection.net\/fr\/wp-json\/wp\/v2\/media\/1352"}],"wp:attachment":[{"href":"https:\/\/unikcollection.net\/fr\/wp-json\/wp\/v2\/media?parent=766"}],"wp:term":[{"taxonomy":"product_cat","embeddable":true,"href":"https:\/\/unikcollection.net\/fr\/wp-json\/wp\/v2\/product_cat?post=766"},{"taxonomy":"product_tag","embeddable":true,"href":"https:\/\/unikcollection.net\/fr\/wp-json\/wp\/v2\/product_tag?post=766"}],"curies":[{"name":"wp","href":"https:\/\/api.w.org\/{rel}","templated":true}]}}