{"id":758,"date":"2022-11-14T14:18:51","date_gmt":"2022-11-14T14:18:51","guid":{"rendered":"https:\/\/unikcollection.esoluce.com\/?post_type=product&#038;p=758"},"modified":"2024-10-24T22:38:30","modified_gmt":"2024-10-24T22:38:30","slug":"all-over-printed-unisex-hoodies-2","status":"publish","type":"product","link":"https:\/\/unikcollection.net\/fr\/produit\/all-over-printed-unisex-hoodies-2\/","title":{"rendered":"Sweat \u00e0 capuche unisexe imprim\u00e9 sur toute la surface"},"content":{"rendered":"<p>100%polyster<\/p>\n<p>Lavage en machine<br \/>\nMat\u00e9riaux m\u00e9lang\u00e9s ultra confortables fabriqu\u00e9s avec un tissu sain 100% polyester . lavage en machine \u00e0 froid uniquement. Apr\u00e8s chaque lavage, le sweat \u00e0 capuche est comme neuf et l'impression ne se d\u00e9tache pas. Veillez \u00e0 utiliser de l'eau froide.<\/p>\n<p>Sweatshirt \u00e0 capuche unisexe imprim\u00e9 sur toute la surface \/\/ Masque de protection \u00e0 manches longues noir et autres couleurs \/\/ Sweatshirt \u00e0 capuche \u00e0 manches longues \/\/ V\u00eatements esth\u00e9tiques<\/p>\n<p>Imprim\u00e9 par sublimation - jamais la d\u00e9coloration, la fissuration, l'\u00e9pluchage, l'\u00e9caillage, incroyablement vibrant partout dans les sweats \u00e0 capuche, avant et noir, m\u00eame la casquette \u00e0 capuche. all over print, pull \u00e0 capuche cordon r\u00e9glable, chemise \u00e0 manches longues, grande poche avant peut \u00e9galement beaucoup de choses ou la main chaude. tenues vintage peut \u00eatre port\u00e9 au printemps, automne \/ automne et l'hiver. Unisexe pour les hommes, les femmes, les juniors, les jeunes gar\u00e7ons, les filles juniors, de bons v\u00eatements pour toutes les occasions telles que d\u00e9contract\u00e9, travail, f\u00eate, maillot de sport, \u00e9cole, voyage en plein air, voyage, usure quotidienne, d\u00e9tente et ainsi de suite. un beau cadeau pour les amis ou la famille dans Halloween, le festival de No\u00ebl ou l'anniversaire.<\/p>\n<p>Service \u00e0 la client\u00e8le : La qualit\u00e9 du produit est un facteur tr\u00e8s important pour les entreprises, mais aussi pour les clients. Notre devise est la suivante : qualit\u00e9 \u00e9lev\u00e9e, prix bas, exp\u00e9dition rapide et attention port\u00e9e \u00e0 nos clients. Si vous avez des questions sur nos produits, n'h\u00e9sitez pas \u00e0 nous contacter, notre \u00e9quipe de service client\u00e8le est disponible 24 heures sur 24, 7 jours sur 7 pour vous servir.<\/p>\n<p>Veuillez consulter la boutique pour voir les autres produits : <a href=\"https:\/\/unikcollection.net\/fr\/shop\/\">Boutique de la collection Unik<\/a><\/p>\n<p>N'h\u00e9sitez pas \u00e0 visiter nos pages de r\u00e9seaux sociaux : <a href=\"https:\/\/www.facebook.com\/unikcollectionllc\">Facebook<\/a>, <a href=\"https:\/\/www.instagram.com\/unikcollectionllc\/\">Instagram<\/a>, &#8230;<\/p>\n<p>Merci de faire vos achats chez nous \ud83d\ude42<\/p>","protected":false},"excerpt":{"rendered":"<p>Unisexe pour hommes, femmes, junior, jeune gar\u00e7on, fille junior, bons v\u00eatements pour toutes les occasions telles que d\u00e9contract\u00e9, travail, f\u00eate, maillot de sport....<\/p>","protected":false},"featured_media":760,"comment_status":"open","ping_status":"closed","template":"","meta":{"om_disable_all_campaigns":false,"_monsterinsights_skip_tracking":false,"_monsterinsights_sitenote_active":false,"_monsterinsights_sitenote_note":"","_monsterinsights_sitenote_category":0},"product_cat":[92,91,17,18],"product_tag":[206,174,211,213,195,214,124,207,205,209,210,212,208],"class_list":{"0":"post-758","1":"product","2":"type-product","3":"status-publish","4":"has-post-thumbnail","6":"product_cat-hoodies-women","7":"product_cat-hoodies-men","8":"product_cat-men","9":"product_cat-women","10":"product_tag-aesthetic-hoodie","11":"product_tag-best-gift","12":"product_tag-birthday-hoodies","13":"product_tag-bride-hoodies","14":"product_tag-easy-to-wear","15":"product_tag-embroidered-hoodies","16":"product_tag-gift-for-him","17":"product_tag-groom-hoodies","18":"product_tag-hoodies","19":"product_tag-hoodies-embroidery","20":"product_tag-party-hoodies","21":"product_tag-personalized-hoodies","22":"product_tag-unisex-hoodies","24":"first","25":"instock","26":"sale","27":"featured","28":"taxable","29":"shipping-taxable","30":"purchasable","31":"product-type-variable"},"aioseo_notices":[],"_links":{"self":[{"href":"https:\/\/unikcollection.net\/fr\/wp-json\/wp\/v2\/product\/758"}],"collection":[{"href":"https:\/\/unikcollection.net\/fr\/wp-json\/wp\/v2\/product"}],"about":[{"href":"https:\/\/unikcollection.net\/fr\/wp-json\/wp\/v2\/types\/product"}],"replies":[{"embeddable":true,"href":"https:\/\/unikcollection.net\/fr\/wp-json\/wp\/v2\/comments?post=758"}],"wp:featuredmedia":[{"embeddable":true,"href":"https:\/\/unikcollection.net\/fr\/wp-json\/wp\/v2\/media\/760"}],"wp:attachment":[{"href":"https:\/\/unikcollection.net\/fr\/wp-json\/wp\/v2\/media?parent=758"}],"wp:term":[{"taxonomy":"product_cat","embeddable":true,"href":"https:\/\/unikcollection.net\/fr\/wp-json\/wp\/v2\/product_cat?post=758"},{"taxonomy":"product_tag","embeddable":true,"href":"https:\/\/unikcollection.net\/fr\/wp-json\/wp\/v2\/product_tag?post=758"}],"curies":[{"name":"wp","href":"https:\/\/api.w.org\/{rel}","templated":true}]}}