{"id":755,"date":"2022-11-25T10:43:43","date_gmt":"2022-11-25T10:43:43","guid":{"rendered":"https:\/\/unikcollection.esoluce.com\/?post_type=product&#038;p=755"},"modified":"2024-11-01T04:27:10","modified_gmt":"2024-11-01T04:27:10","slug":"mens-long-sleeves-2","status":"publish","type":"product","link":"https:\/\/unikcollection.net\/fr\/produit\/mens-long-sleeves-2\/","title":{"rendered":"Manches longues pour hommes"},"content":{"rendered":"<p>Mat\u00e9riau : coton<br \/>\nCouleur : Noir<br \/>\nSexe applicable : Homme<br \/>\nSaisons appropri\u00e9es : Printemps, \u00e9t\u00e9, automne, hiver<br \/>\nFacile \u00e0 associer \u00e0 un pantalon d\u00e9contract\u00e9 ou \u00e0 un pantalon habill\u00e9.<\/p>\n<p>Chemises polyvalentes pour hommes, un must-have pour votre garde-robe.<\/p>\n<p>Hommes manches longues \/\/ Impression vinyle de haute qualit\u00e9 \/\/ Black King Tee Custom \/\/ T-shirt worldwide African Kings \/\/ T-Shirt coton \u00e0 manches longues<\/p>\n<p>Fabriqu\u00e9 \u00e0 partir d'un tissu en coton de haute qualit\u00e9, doux et respirant, l\u00e9ger et \u00e0 s\u00e9chage rapide La chemise \u00e0 manches longues est fabriqu\u00e9e \u00e0 partir d'un tissu en coton de haute qualit\u00e9, vous permettant de bouger votre corps plus facilement ; doux et confortable avec une bonne capacit\u00e9 de respiration, infroissable et pas facile \u00e0 d\u00e9former.<\/p>\n<p>poitrine \u00e0 volants, manches longues, volants, couleur noire, coupe cintr\u00e9e. Chemise de smoking de luxe. Bonne ventilation, confortable, douce et facile \u00e0 porter.<br \/>\nLa chemise classique est parfaite pour les occasions formelles ou quotidiennes d\u00e9contract\u00e9es, telles que : Affaires, travail, bureau, mariage, f\u00eate, bal de promo, concert, bo\u00eete de nuit, concert, date, d\u00e9contract\u00e9 et ainsi de suite ; c'est aussi un cadeau id\u00e9al pour la famille, les amoureux, les amis, les coll\u00e8gues, la f\u00eate des p\u00e8res ,la Saint-Valentin, No\u00ebl.<\/p>\n<p>Cette chemise noire classique vous donne un look tr\u00e8s tendance. Convient \u00e0 toutes les occasions, comme le quotidien d\u00e9contract\u00e9, le bureau, la maison, le voyage d'affaires, la plage, la f\u00eate de mariage, le voyage, la station baln\u00e9aire, les rencontres, le parc, les costumes d'Halloween, etc. Portez cette chemise partout o\u00f9 vous le souhaitez.<\/p>\n<p>Service \u00e0 la client\u00e8le : La qualit\u00e9 du produit est un facteur tr\u00e8s important pour les entreprises, mais aussi pour les clients. Notre devise est la suivante : qualit\u00e9 \u00e9lev\u00e9e, prix bas, exp\u00e9dition rapide et attention port\u00e9e \u00e0 nos clients. Si vous avez des questions sur nos produits, n'h\u00e9sitez pas \u00e0 nous contacter, notre \u00e9quipe de service client\u00e8le est disponible 24 heures sur 24, 7 jours sur 7 pour vous servir.<\/p>\n<p>Veuillez consulter la boutique pour voir les autres produits : <a href=\"https:\/\/unikcollection.net\/fr\/shop\/\">Boutique de la collection Unik<\/a><\/p>\n<p>N'h\u00e9sitez pas \u00e0 visiter nos pages de r\u00e9seaux sociaux : <a href=\"https:\/\/www.facebook.com\/unikcollectionllc\">Facebook<\/a>, <a href=\"https:\/\/www.instagram.com\/unikcollectionllc\/\">Instagram<\/a>, &#8230;<\/p>\n<p>Merci de faire vos achats chez nous \ud83d\ude42<\/p>","protected":false},"excerpt":{"rendered":"<p>Les chemises \u00e0 manches longues pour hommes sont des chemises polyvalentes, indispensables \u00e0 votre garde-robe. Fabriqu\u00e9e en coton de haute qualit\u00e9, elle est douce et respirante.<\/p>","protected":false},"featured_media":1174,"comment_status":"open","ping_status":"closed","template":"","meta":{"om_disable_all_campaigns":false,"_monsterinsights_skip_tracking":false,"_monsterinsights_sitenote_active":false,"_monsterinsights_sitenote_note":"","_monsterinsights_sitenote_category":0},"product_cat":[17,63],"product_tag":[201,350,197,195,234,230,101,232,104,203,233,229],"class_list":{"0":"post-755","1":"product","2":"type-product","3":"status-publish","4":"has-post-thumbnail","6":"product_cat-men","7":"product_cat-t-shirt","8":"product_tag-black-dress-shirt","9":"product_tag-black-tuxedo-dress","10":"product_tag-cotton-shirt","11":"product_tag-easy-to-wear","12":"product_tag-fathers-gift","13":"product_tag-floral-shirt-men","14":"product_tag-formal-shirt","15":"product_tag-gift-fom-him","16":"product_tag-long-sleeves-shirt","17":"product_tag-party-wear-dress","18":"product_tag-printed-shirt","19":"product_tag-shirts-for-men","21":"first","22":"outofstock","23":"taxable","24":"shipping-taxable","25":"purchasable","26":"product-type-simple"},"aioseo_notices":[],"_links":{"self":[{"href":"https:\/\/unikcollection.net\/fr\/wp-json\/wp\/v2\/product\/755"}],"collection":[{"href":"https:\/\/unikcollection.net\/fr\/wp-json\/wp\/v2\/product"}],"about":[{"href":"https:\/\/unikcollection.net\/fr\/wp-json\/wp\/v2\/types\/product"}],"replies":[{"embeddable":true,"href":"https:\/\/unikcollection.net\/fr\/wp-json\/wp\/v2\/comments?post=755"}],"wp:featuredmedia":[{"embeddable":true,"href":"https:\/\/unikcollection.net\/fr\/wp-json\/wp\/v2\/media\/1174"}],"wp:attachment":[{"href":"https:\/\/unikcollection.net\/fr\/wp-json\/wp\/v2\/media?parent=755"}],"wp:term":[{"taxonomy":"product_cat","embeddable":true,"href":"https:\/\/unikcollection.net\/fr\/wp-json\/wp\/v2\/product_cat?post=755"},{"taxonomy":"product_tag","embeddable":true,"href":"https:\/\/unikcollection.net\/fr\/wp-json\/wp\/v2\/product_tag?post=755"}],"curies":[{"name":"wp","href":"https:\/\/api.w.org\/{rel}","templated":true}]}}