{"id":639,"date":"2022-11-10T21:08:50","date_gmt":"2022-11-10T21:08:50","guid":{"rendered":"https:\/\/unikcollection.esoluce.com\/?post_type=product&#038;p=639"},"modified":"2024-09-01T04:44:28","modified_gmt":"2024-09-01T04:44:28","slug":"men-3-piece-slim-fit-suit-wedding-groom-party-wear-coat-pant-mens-slim-fit-suit-formal-outfit-party-wear-pent-shirt-coat","status":"publish","type":"product","link":"https:\/\/unikcollection.net\/fr\/produit\/men-3-piece-slim-fit-suit-wedding-groom-party-wear-coat-pant-mens-slim-fit-suit-formal-outfit-party-wear-pent-shirt-coat\/","title":{"rendered":"Faire Sur Commande Costume Slim Fit 3 Pi\u00e8ces pour Hommes"},"content":{"rendered":"<p>L'\u00e9l\u00e9gant costume trois pi\u00e8ces est le meilleur choix pour les activit\u00e9s professionnelles ou les f\u00eates de mariage. Il est fabriqu\u00e9 \u00e0 partir de mat\u00e9riaux de haute qualit\u00e9, suffisamment durables pour \u00eatre port\u00e9s quotidiennement.<br \/>\nADAPT\u00c9 \u00c0 VOTRE STYLE - Cet ensemble de costume de c\u00e9r\u00e9monie\/mariage est de coupe ajust\u00e9e.<\/p>\n<p>Gr\u00e2ce \u00e0 notre suggestion de taille pr\u00e9cise et \u00e0 notre service client\u00e8le rapide, vous deviendrez le centre d'int\u00e9r\u00eat de l'occasion tout au long de la journ\u00e9e apr\u00e8s l'avoir port\u00e9.<\/p>\n<p>SERVICE CLIENT\u00c8LE : Votre satisfaction est notre priorit\u00e9 absolue. Parce que nous croyons en la qualit\u00e9 de nos produits, nous pensons que vous devriez avoir la chance de nous essayer sans aucun risque.vous pouvez retourner gratuitement dans les 30 jours si vous n'\u00eates pas satisfait, mais la plupart de nos clients le gardent et l'ach\u00e8tent \u00e0 nouveau.un tel ensemble de costume 3 pi\u00e8ces parfait, vous le m\u00e9ritez.<br \/>\nService \u00e0 la client\u00e8le : La qualit\u00e9 du produit est un facteur tr\u00e8s important pour les entreprises, mais aussi pour les clients. Notre devise est la suivante : qualit\u00e9 \u00e9lev\u00e9e, prix bas, exp\u00e9dition rapide et attention port\u00e9e \u00e0 nos clients. Si vous avez des questions sur nos produits, n'h\u00e9sitez pas \u00e0 nous contacter, notre \u00e9quipe de service client\u00e8le est disponible 24 heures sur 24, 7 jours sur 7 pour vous servir.<\/p>\n<p>Veuillez consulter la boutique pour voir les autres produits : <a href=\"https:\/\/unikcollection.net\/fr\/shop\/\">Boutique de la collection Unik<\/a><\/p>\n<p>N'h\u00e9sitez pas \u00e0 visiter nos pages de r\u00e9seaux sociaux : <a href=\"https:\/\/www.facebook.com\/unikcollectionllc\">Facebook<\/a>, <a href=\"https:\/\/www.instagram.com\/unikcollectionllc\/\">Instagram<\/a>, &#8230;<\/p>\n<p>Merci de faire vos achats chez nous \ud83d\ude42<\/p>","protected":false},"excerpt":{"rendered":"<p>Le costume peut montrer un comportement de gentleman et am\u00e9liorer votre image. L'\u00e9l\u00e9gant costume trois-pi\u00e8ces est le meilleur choix pour les activit\u00e9s professionnelles ou les f\u00eates de mariage.<\/p>","protected":false},"featured_media":1354,"comment_status":"open","ping_status":"closed","template":"","meta":{"om_disable_all_campaigns":false,"_monsterinsights_skip_tracking":false,"_monsterinsights_sitenote_active":false,"_monsterinsights_sitenote_note":"","_monsterinsights_sitenote_category":0},"product_cat":[17,22],"product_tag":[174,170,166,171,124,168,162,167,164,169,165,163,173,172],"class_list":{"0":"post-639","1":"product","2":"type-product","3":"status-publish","4":"has-post-thumbnail","6":"product_cat-men","7":"product_cat-suits","8":"product_tag-best-gift","9":"product_tag-blue-suits-for-men","10":"product_tag-business-suit","11":"product_tag-dinner-suits","12":"product_tag-gift-for-him","13":"product_tag-luxury-designer","14":"product_tag-men-suits","15":"product_tag-prom-wear","16":"product_tag-slim-fit-suit","17":"product_tag-suit","18":"product_tag-suit-collection","19":"product_tag-suit-for-him","20":"product_tag-tuxedo-suits","21":"product_tag-wedding-groom-suits","23":"first","24":"instock","25":"taxable","26":"shipping-taxable","27":"purchasable","28":"product-type-variable"},"aioseo_notices":[],"_links":{"self":[{"href":"https:\/\/unikcollection.net\/fr\/wp-json\/wp\/v2\/product\/639"}],"collection":[{"href":"https:\/\/unikcollection.net\/fr\/wp-json\/wp\/v2\/product"}],"about":[{"href":"https:\/\/unikcollection.net\/fr\/wp-json\/wp\/v2\/types\/product"}],"replies":[{"embeddable":true,"href":"https:\/\/unikcollection.net\/fr\/wp-json\/wp\/v2\/comments?post=639"}],"wp:featuredmedia":[{"embeddable":true,"href":"https:\/\/unikcollection.net\/fr\/wp-json\/wp\/v2\/media\/1354"}],"wp:attachment":[{"href":"https:\/\/unikcollection.net\/fr\/wp-json\/wp\/v2\/media?parent=639"}],"wp:term":[{"taxonomy":"product_cat","embeddable":true,"href":"https:\/\/unikcollection.net\/fr\/wp-json\/wp\/v2\/product_cat?post=639"},{"taxonomy":"product_tag","embeddable":true,"href":"https:\/\/unikcollection.net\/fr\/wp-json\/wp\/v2\/product_tag?post=639"}],"curies":[{"name":"wp","href":"https:\/\/api.w.org\/{rel}","templated":true}]}}