{"id":1400,"date":"2022-12-30T16:39:56","date_gmt":"2022-12-30T16:39:56","guid":{"rendered":"https:\/\/unikcollection.net\/?post_type=product&#038;p=1400"},"modified":"2024-11-02T19:21:59","modified_gmt":"2024-11-02T19:21:59","slug":"mens-luxury-red-dress-shirt","status":"publish","type":"product","link":"https:\/\/unikcollection.net\/fr\/produit\/mens-luxury-red-dress-shirt\/","title":{"rendered":"Chemise rouge de luxe pour hommes"},"content":{"rendered":"<div style=\"width: 1290px;\" class=\"wp-video\"><!--[if lt IE 9]><script>document.createElement('video');<\/script><![endif]-->\n<video class=\"wp-video-shortcode\" id=\"video-1400-1\" width=\"1290\" height=\"726\" preload=\"metadata\" controls=\"controls\"><source type=\"video\/mp4\" src=\"https:\/\/unikcollection.net\/wp-content\/uploads\/2022\/12\/red-shirt-video-1_Trim.mp4?_=1\" \/><a href=\"https:\/\/unikcollection.net\/wp-content\/uploads\/2022\/12\/red-shirt-video-1_Trim.mp4\">https:\/\/unikcollection.net\/wp-content\/uploads\/2022\/12\/red-shirt-video-1_Trim.mp4<\/a><\/video><\/div>\n<p>Mati\u00e8re : 97% Polyester \/ 3% Spandex<\/p>\n<p>Facile \u00e0 associer \u00e0 un pantalon d\u00e9contract\u00e9 ou \u00e0 un pantalon habill\u00e9.<\/p>\n<p>Chemises rouges polyvalentes pour hommes, un must pour votre garde-robe.<\/p>\n<p>Fermeture \u00e0 boutons, manches longues, col montant, volants, couleur rouge, coupe cintr\u00e9e. Chemise blanche de smoking de luxe. Bonne ventilation, confortable, douce et facile \u00e0 porter.<\/p>\n<p>Chemise rouge \/\/ Smoking de mariage \u00e0 volants \/\/ Chemise de smoking \/\/ Chemises pour hommes \/\/ Chemise \u00e0 fleurs pour hommes \/\/ Chemise de soir\u00e9e<\/p>\n<p>La chemise d'affaires pour hommes est dot\u00e9e d'un col large, de manches longues, d'une fermeture boutonn\u00e9e et d'un poignet r\u00e9glable, ce qui lui conf\u00e8re une allure tr\u00e8s tendance. Convient \u00e0 toutes les occasions, comme le quotidien d\u00e9contract\u00e9, le bureau, la maison, le voyage d'affaires, la plage, la f\u00eate de mariage, le voyage, la station baln\u00e9aire, les rencontres, le parc, la f\u00eate de d\u00e9guisement d'Halloween, etc. Portez cette chemise partout o\u00f9 vous le souhaitez.<\/p>\n<p>La chemise classique est parfaite pour les occasions formelles ou d\u00e9contract\u00e9es quotidiennes, telles que : Affaires, travail, bureau, mariage, f\u00eate, bal de fin d'ann\u00e9e, concert, bo\u00eete de nuit, concert, rendez-vous, occasionnel, etc. C'est \u00e9galement un cadeau id\u00e9al pour la famille, les amoureux, les amis, les coll\u00e8gues, la f\u00eate des p\u00e8res, la Saint-Valentin, No\u00ebl. Le bouton du haut peut \u00eatre ouvert pour une atmosph\u00e8re d\u00e9tendue et d\u00e9contract\u00e9e au quotidien, ou une cravate ou un n\u0153ud papillon peuvent \u00eatre port\u00e9s pour un style professionnel parfait. Service \u00e0 la client\u00e8le.<\/p>\n<p>La chemise \u00e0 manches longues est fabriqu\u00e9e en coton de haute qualit\u00e9, ce qui facilite les mouvements du corps. Douce et confortable, elle a une bonne capacit\u00e9 de respiration, est infroissable et ne se d\u00e9forme pas facilement.<\/p>\n<p>La qualit\u00e9 du produit est un facteur tr\u00e8s important pour les deux entreprises et pour les clients. Notre devise est la suivante : haute qualit\u00e9, prix bas, livraison rapide et attention port\u00e9e \u00e0 nos clients. Si vous avez des questions sur nos produits, n'h\u00e9sitez pas \u00e0 nous contacter. Notre \u00e9quipe de service client\u00e8le est disponible 24 heures sur 24 et 7 jours sur 7 pour vous servir.<\/p>\n<p>Veuillez consulter la boutique pour voir les autres produits :\u00a0<a href=\"https:\/\/unikcollection.net\/fr\/shop\/\">Boutique de la collection Unik<\/a><\/p>\n<p>N'h\u00e9sitez pas \u00e0 visiter nos pages de r\u00e9seaux sociaux :\u00a0<a href=\"https:\/\/www.facebook.com\/unikcollectionllc\">Facebook<\/a>,\u00a0<a href=\"https:\/\/www.instagram.com\/unikcollectionllc\/\">Instagram<\/a>, ...<\/p>\n<p>Merci de faire vos achats chez nous \ud83d\ude42<\/p>","protected":false},"excerpt":{"rendered":"<p>Mati\u00e8re : 97% Polyester \/ 3% Spandex Facile \u00e0 associer \u00e0 un pantalon d\u00e9contract\u00e9 ou \u00e0 un pantalon de soir\u00e9e. Chemises rouges polyvalentes pour hommes, un must pour votre garde-robe. Fermeture \u00e0 boutons, manches longues, col montant, volants, couleur rouge, coupe cintr\u00e9e. Chemise blanche de smoking de luxe. Bonne ventilation, confortable, douce et facile \u00e0 porter. Chemise rouge \/\/ Smoking de mariage \u00e0 volants \/\/ Chemise de smoking \/\/ Chemises pour hommes \/\/ Chemise \u00e0 fleurs pour hommes \/\/ Chemise de soir\u00e9e La chemise d'affaires pour hommes se caract\u00e9rise par un col large, des manches longues, une fermeture boutonn\u00e9e, des poignets ajustables, pour vous donner un look \u00e0 la mode. Elle convient \u00e0 toutes les occasions, comme la vie quotidienne, le bureau, la maison, le voyage d'affaires, la plage, la f\u00eate de mariage, les voyages, les lieux de vill\u00e9giature, les rendez-vous, le parc, la f\u00eate d'Halloween, etc. Portez cette chemise partout o\u00f9 vous le souhaitez. La chemise classique est parfaite pour les occasions formelles ou d\u00e9contract\u00e9es, telles que : Affaires, travail, bureau, mariage, f\u00eate, bal de fin d'ann\u00e9e, concert, bo\u00eete de nuit, concert, rendez-vous, d\u00e9contract\u00e9, etc. C'est \u00e9galement un cadeau id\u00e9al pour la famille, les amoureux, les amis, les coll\u00e8gues, la f\u00eate des p\u00e8res, la Saint-Valentin, No\u00ebl. Le bouton du haut peut \u00eatre ouvert pour une atmosph\u00e8re d\u00e9tendue et d\u00e9contract\u00e9e au quotidien, ou une cravate ou un n\u0153ud papillon peuvent \u00eatre port\u00e9s pour un style professionnel parfait. Attention au client. La chemise \u00e0 manches longues est fabriqu\u00e9e en tissu de coton de haute qualit\u00e9, doux et respirant, l\u00e9ger et s\u00e9chant rapidement. La chemise \u00e0 manches longues est fabriqu\u00e9e en tissu de coton de haute qualit\u00e9, facilitant les mouvements du corps, doux et confortable avec une bonne capacit\u00e9 de respiration, infroissable et ne se d\u00e9formant pas facilement. La qualit\u00e9 du produit est un facteur tr\u00e8s important pour les deux entreprises et pour les clients. Notre devise est la suivante : haute qualit\u00e9, prix bas, exp\u00e9dition rapide et attention port\u00e9e \u00e0 nos clients. Si vous avez des questions sur nos produits, n'h\u00e9sitez pas \u00e0 nous contacter. Notre \u00e9quipe de service client\u00e8le est disponible 24 heures sur 24 et 7 jours sur 7 pour vous servir. N'h\u00e9sitez pas \u00e0 jeter un coup d'\u0153il sur la boutique pour voir les autres produits : Unik Collection Shop N'h\u00e9sitez pas \u00e0 visiter nos pages sur les r\u00e9seaux sociaux : Facebook, Instagram, ... Merci de faire vos achats chez nous \ud83d\ude42 .<\/p>","protected":false},"featured_media":1403,"comment_status":"open","ping_status":"closed","template":"","meta":{"om_disable_all_campaigns":false,"_monsterinsights_skip_tracking":false,"_monsterinsights_sitenote_active":false,"_monsterinsights_sitenote_note":"","_monsterinsights_sitenote_category":0},"product_cat":[17,20],"product_tag":[393,197,428,195,230,416,104,168,127,106,203,427,229,199,235,116,228],"class_list":{"0":"post-1400","1":"product","2":"type-product","3":"status-publish","4":"has-post-thumbnail","6":"product_cat-men","7":"product_cat-shirt","8":"product_tag-birthday-gift","9":"product_tag-cotton-shirt","10":"product_tag-designer-shirt","11":"product_tag-easy-to-wear","12":"product_tag-floral-shirt-men","13":"product_tag-gifts","14":"product_tag-long-sleeves-shirt","15":"product_tag-luxury-designer","16":"product_tag-mens-fashion","17":"product_tag-mothers-gift","18":"product_tag-party-wear-dress","19":"product_tag-red-shirt","20":"product_tag-shirts-for-men","21":"product_tag-t-shirt","22":"product_tag-tuxedo-dress-shirts","23":"product_tag-wedding-gift","24":"product_tag-wedding-shirt","26":"first","27":"instock","28":"taxable","29":"shipping-taxable","30":"purchasable","31":"product-type-variable"},"aioseo_notices":[],"_links":{"self":[{"href":"https:\/\/unikcollection.net\/fr\/wp-json\/wp\/v2\/product\/1400"}],"collection":[{"href":"https:\/\/unikcollection.net\/fr\/wp-json\/wp\/v2\/product"}],"about":[{"href":"https:\/\/unikcollection.net\/fr\/wp-json\/wp\/v2\/types\/product"}],"replies":[{"embeddable":true,"href":"https:\/\/unikcollection.net\/fr\/wp-json\/wp\/v2\/comments?post=1400"}],"wp:featuredmedia":[{"embeddable":true,"href":"https:\/\/unikcollection.net\/fr\/wp-json\/wp\/v2\/media\/1403"}],"wp:attachment":[{"href":"https:\/\/unikcollection.net\/fr\/wp-json\/wp\/v2\/media?parent=1400"}],"wp:term":[{"taxonomy":"product_cat","embeddable":true,"href":"https:\/\/unikcollection.net\/fr\/wp-json\/wp\/v2\/product_cat?post=1400"},{"taxonomy":"product_tag","embeddable":true,"href":"https:\/\/unikcollection.net\/fr\/wp-json\/wp\/v2\/product_tag?post=1400"}],"curies":[{"name":"wp","href":"https:\/\/api.w.org\/{rel}","templated":true}]}}