{"id":1019,"date":"2022-11-16T16:47:07","date_gmt":"2022-11-16T16:47:07","guid":{"rendered":"https:\/\/unikcollection.esoluce.com\/?post_type=product&#038;p=1019"},"modified":"2024-11-02T13:27:47","modified_gmt":"2024-11-02T13:27:47","slug":"3-piece-printed-duvet-2","status":"publish","type":"product","link":"https:\/\/unikcollection.net\/fr\/produit\/3-piece-printed-duvet-2\/","title":{"rendered":"Couette imprim\u00e9e 3 pi\u00e8ces"},"content":{"rendered":"<p>Utile et pratique, la housse de couette est facile \u00e0 retirer et \u00e0 laver. Proc\u00e9d\u00e9 d'impression et de teinture r\u00e9active respectueux de l'environnement, motif clair, notre fabuleuse s\u00e9lection de couleurs vibrantes ne s'estompera pas apr\u00e8s le lavage et constitue une mani\u00e8re belle et \u00e9l\u00e9gante de moderniser votre chambre \u00e0 coucher.<\/p>\n<p>3 Piece Printed Duvet \/\/ Ensemble de literie imprim\u00e9 Home Decor \/\/ Ensemble de literie d\u00e9corative pour la chambre \u00e0 coucher \/\/ Housse de couette compl\u00e8te \/\/ Housse de couette double \/\/ Ensemble de couette<\/p>\n<p>Le tissu est r\u00e9sistant aux taches, \u00e0 la d\u00e9coloration et au froissement pour une vie sans souci.Cette housse de couette ne rassemble pas la poussi\u00e8re, les cheveux. Lavable en machine \u00e0 l'eau froide et s\u00e9chable \u00e0 basse temp\u00e9rature, elle est infroissable et se distingue par sa douceur, sa finesse et sa r\u00e9sistance uniques. Choix du s\u00e9chage. Lavable en machine, sans agent de blanchiment au chlore, lavable et s\u00e9chable en machine pour un entretien facile.<\/p>\n<p>\u273f Grand cadeau : Le meilleur pour n'importe quelle pi\u00e8ce de votre maison - chambre \u00e0 coucher, chambre d'amis, chambre d'enfants, VR, maison de vacances. Grande id\u00e9e de cadeau pour les hommes et les femmes, les mamans et les papas, la Saint-Valentin - la f\u00eate des m\u00e8res - la f\u00eate des p\u00e8res et No\u00ebl.<\/p>\n<p>\u273f Drap utile : Les draps ont un motif clair et les couleurs ne s'effacent pas apr\u00e8s le lavage et sont une belle. Les couleurs sont chaudes, riches et vibrantes fa\u00e7on \u00e9l\u00e9gante de mettre \u00e0 jour votre chambre \u00e0 coucher,Fabuleuse s\u00e9lection de couleurs fera votre chambre \u00e0 coucher ressemble \u00e0 un magazine,est facile \u00e0 assortir avec votre matelas de lit.<\/p>\n<p>\u273f DESIGN : Nous sommes sp\u00e9cialis\u00e9s dans le textile de maison et nous contribuons \u00e0 fournir le meilleur service client et produit. Notre collection unique d'ensemble de draps 3pcs print patterns design cr\u00e9era une exp\u00e9rience de sommeil sereine, vous laissant une sensation de fra\u00eecheur et de rajeunissement.<\/p>\n<p>Service \u00e0 la client\u00e8le : La qualit\u00e9 du produit est un facteur tr\u00e8s important pour les entreprises, mais aussi pour les clients. Notre devise est la suivante : qualit\u00e9 \u00e9lev\u00e9e, prix bas, exp\u00e9dition rapide et attention port\u00e9e \u00e0 nos clients. Si vous avez des questions sur nos produits, n'h\u00e9sitez pas \u00e0 nous contacter, notre \u00e9quipe de service client\u00e8le est disponible 24 heures sur 24, 7 jours sur 7 pour vous servir.<\/p>\n<p>Veuillez consulter la boutique pour voir les autres produits : <a href=\"https:\/\/unikcollection.net\/fr\/shop\/\">Boutique de la collection Unik<\/a><\/p>\n<p>N'h\u00e9sitez pas \u00e0 visiter nos pages de r\u00e9seaux sociaux : <a href=\"https:\/\/www.facebook.com\/unikcollectionllc\">Facebook<\/a>, <a href=\"https:\/\/www.instagram.com\/unikcollectionllc\/\">Instagram<\/a>, &#8230;<\/p>\n<p>Merci de faire vos achats chez nous \ud83d\ude42<\/p>","protected":false},"excerpt":{"rendered":"<p>Utile et pratique, la housse de couette est facile \u00e0 enlever et \u00e0 laver. Notre couette imprim\u00e9e 3 pi\u00e8ces ne se d\u00e9colore pas apr\u00e8s lavage et constitue un excellent moyen de moderniser votre chambre \u00e0 coucher.<\/p>","protected":false},"featured_media":1021,"comment_status":"open","ping_status":"closed","template":"","meta":{"om_disable_all_campaigns":false,"_monsterinsights_skip_tracking":false,"_monsterinsights_sitenote_active":false,"_monsterinsights_sitenote_note":"","_monsterinsights_sitenote_category":0},"product_cat":[43,55,41],"product_tag":[189,178,185,177,174,183,184,179,191,190,176,182,188],"class_list":{"0":"post-1019","1":"product","2":"type-product","3":"status-publish","4":"has-post-thumbnail","6":"product_cat-decor","7":"product_cat-accessories-men","8":"product_cat-accessories","9":"product_tag-3piece-printed-duvet","10":"product_tag-bedding-set","11":"product_tag-bedding-set-printed","12":"product_tag-bedroom-decorative","13":"product_tag-best-gift","14":"product_tag-duvet-cover","15":"product_tag-duvet-cover-set","16":"product_tag-full-duvet-cover","17":"product_tag-gift-for-mother","18":"product_tag-holiday-gift","19":"product_tag-home-decor","20":"product_tag-room-decor","21":"product_tag-royal-house-design","23":"first","24":"outofstock","25":"taxable","26":"shipping-taxable","27":"purchasable","28":"product-type-variable"},"aioseo_notices":[],"_links":{"self":[{"href":"https:\/\/unikcollection.net\/fr\/wp-json\/wp\/v2\/product\/1019"}],"collection":[{"href":"https:\/\/unikcollection.net\/fr\/wp-json\/wp\/v2\/product"}],"about":[{"href":"https:\/\/unikcollection.net\/fr\/wp-json\/wp\/v2\/types\/product"}],"replies":[{"embeddable":true,"href":"https:\/\/unikcollection.net\/fr\/wp-json\/wp\/v2\/comments?post=1019"}],"wp:featuredmedia":[{"embeddable":true,"href":"https:\/\/unikcollection.net\/fr\/wp-json\/wp\/v2\/media\/1021"}],"wp:attachment":[{"href":"https:\/\/unikcollection.net\/fr\/wp-json\/wp\/v2\/media?parent=1019"}],"wp:term":[{"taxonomy":"product_cat","embeddable":true,"href":"https:\/\/unikcollection.net\/fr\/wp-json\/wp\/v2\/product_cat?post=1019"},{"taxonomy":"product_tag","embeddable":true,"href":"https:\/\/unikcollection.net\/fr\/wp-json\/wp\/v2\/product_tag?post=1019"}],"curies":[{"name":"wp","href":"https:\/\/api.w.org\/{rel}","templated":true}]}}