{"id":1016,"date":"2022-11-16T16:18:14","date_gmt":"2022-11-16T16:18:14","guid":{"rendered":"https:\/\/unikcollection.esoluce.com\/?post_type=product&#038;p=1016"},"modified":"2026-04-24T04:42:19","modified_gmt":"2026-04-24T04:42:19","slug":"shower-curtain","status":"publish","type":"product","link":"https:\/\/unikcollection.net\/fr\/produit\/shower-curtain\/","title":{"rendered":"Rideau de douche"},"content":{"rendered":"<p>Ce rideau de douche Print Design est fabriqu\u00e9 \u00e0 partir de notre polyester soigneusement s\u00e9lectionn\u00e9, qui est doux, durable vous aurez besoin d'une doublure . Ce tapis de salle de bains est fabriqu\u00e9 en polyester \u00e9pais et de haute qualit\u00e9, doux au toucher, confortable et assez textur\u00e9 avec une excellente r\u00e9sistance au glissement.Le design g\u00e9om\u00e9trique moderne permet d'actualiser instantan\u00e9ment le d\u00e9cor de votre salle de bains avec la doublure de rideau de douche recommand\u00e9e Les tapis de bain sont dot\u00e9s d'une doublure antid\u00e9rapante pour plus de s\u00e9curit\u00e9 et de stabilit\u00e9 Les tapis de bain et le rideau de douche sont lavables en machine.<br \/>\nMAT\u00c9RIAU EXCEPTIONNEL : Ce rideau de douche \u00e0 motifs g\u00e9om\u00e9triques est fabriqu\u00e9 en tissu de polyester. La technologie imperm\u00e9able de l'imperm\u00e9able permet \u00e0 l'eau de glisser et de s\u00e9cher rapidement, ce qui le rend imperm\u00e9able.<\/p>\n<p>Rideau de douche \/\/ Tissu couvert \/\/ D\u00e9coration de salle de bains \/\/ Rideau de douche artistique pour salle de bains \/\/ Rideau de douche \/\/ Ensemble de tapis \/\/ Tapis de bain \/\/ Ensembles de rideaux de douche<\/p>\n<p>DESIGN UNIQUE : Ce rideau de douche \u00e0 motif g\u00e9om\u00e9trique vous donnera une exp\u00e9rience diff\u00e9rente et \u00e9l\u00e9gante sans prix \u00e9lev\u00e9. Il est imprim\u00e9 et pr\u00e9sente des couleurs vertes. Il est suffisant pour remodeler compl\u00e8tement votre salle de bain.<\/p>\n<p>UTILISATIONS MULTIPLES : Convient \u00e0 la plupart des douches\/baignoires de taille standard et s'adapte aux barres de douche droites ou courbes.<br \/>\nACCESSOIRES DURABLES : L'ensemble de tapis de bain et la housse de si\u00e8ge de toilette avec une chenille douce et un support en caoutchouc antid\u00e9rapant qui absorbe l'eau et garde les pieds au sec. Les accessoires de salle de bains peuvent unifier le style et le ton de votre salle de bains et rafra\u00eechir le d\u00e9cor de votre salle de bains.<\/p>\n<p>Leur cadre simple est recouvert d'une texture solide qui est extr\u00eamement douce au contact des pieds nus. La base antid\u00e9rapante les maintient en place lorsque vous marchez dessus, \u00e9vitant ainsi tout accident ind\u00e9sirable. Les couleurs ravissantes de ces accessoires de tous les jours donneront \u00e0 votre espace de vie une touche accrocheuse. Donnez \u00e0 votre salle de bains l'allure du tapis de bain Hampton Collection. Ce tapis doux et durable est fabriqu\u00e9 en tissu polyster 100%. Il dure longtemps et procure un confort sous les pieds. Offrant une excellente capacit\u00e9 d'absorption, il garde votre sol et vos pieds au sec lorsque vous sortez de la douche.<\/p>\n<p>Service \u00e0 la client\u00e8le : La qualit\u00e9 du produit est un facteur tr\u00e8s important pour les entreprises, mais aussi pour les clients. Notre devise est la suivante : qualit\u00e9 \u00e9lev\u00e9e, prix bas, exp\u00e9dition rapide et attention port\u00e9e \u00e0 nos clients. Si vous avez des questions sur nos produits, n'h\u00e9sitez pas \u00e0 nous contacter, notre \u00e9quipe de service client\u00e8le est disponible 24 heures sur 24, 7 jours sur 7 pour vous servir.<\/p>\n<p>Veuillez consulter la boutique pour voir les autres produits : <a href=\"https:\/\/unikcollection.net\/fr\/shop\/\">Boutique de la collection Unik<\/a><\/p>\n<p>N'h\u00e9sitez pas \u00e0 visiter nos pages de r\u00e9seaux sociaux : <a href=\"https:\/\/www.facebook.com\/unikcollectionllc\">Facebook<\/a>, <a href=\"https:\/\/www.instagram.com\/unikcollectionllc\/\">Instagram<\/a>, &#8230;<\/p>\n<p>Merci de faire vos achats chez nous \ud83d\ude42<\/p>","protected":false},"excerpt":{"rendered":"<p>Ce rideau de douche \u00e0 motifs imprim\u00e9s est fabriqu\u00e9 \u00e0 partir de notre polyester soigneusement s\u00e9lectionn\u00e9, qui est doux et durable. Vous aurez besoin d'une doublure.<\/p>","protected":false},"featured_media":1017,"comment_status":"open","ping_status":"closed","template":"","meta":{"om_disable_all_campaigns":false,"_monsterinsights_skip_tracking":false,"_monsterinsights_sitenote_active":false,"_monsterinsights_sitenote_note":"","_monsterinsights_sitenote_category":0},"product_cat":[17,55],"product_tag":[221,379,225,227,218,220,216,222,226,224,380,215,217],"class_list":{"0":"post-1016","1":"product","2":"type-product","3":"status-publish","4":"has-post-thumbnail","6":"product_cat-men","7":"product_cat-accessories-men","8":"product_tag-art-decor","9":"product_tag-bath-assosiries","10":"product_tag-bath-curtain-mat-set","11":"product_tag-bath-mat","12":"product_tag-fabric-covered","13":"product_tag-home-living","14":"product_tag-mat-rug-set","15":"product_tag-new-home-gift","16":"product_tag-polyester-bath-mat","17":"product_tag-polyester-curtain","18":"product_tag-red-bath-curtain","19":"product_tag-shower-curtain","20":"product_tag-shower-curtain-sets","22":"first","23":"outofstock","24":"taxable","25":"shipping-taxable","26":"purchasable","27":"product-type-variable"},"aioseo_notices":[],"_links":{"self":[{"href":"https:\/\/unikcollection.net\/fr\/wp-json\/wp\/v2\/product\/1016"}],"collection":[{"href":"https:\/\/unikcollection.net\/fr\/wp-json\/wp\/v2\/product"}],"about":[{"href":"https:\/\/unikcollection.net\/fr\/wp-json\/wp\/v2\/types\/product"}],"replies":[{"embeddable":true,"href":"https:\/\/unikcollection.net\/fr\/wp-json\/wp\/v2\/comments?post=1016"}],"wp:featuredmedia":[{"embeddable":true,"href":"https:\/\/unikcollection.net\/fr\/wp-json\/wp\/v2\/media\/1017"}],"wp:attachment":[{"href":"https:\/\/unikcollection.net\/fr\/wp-json\/wp\/v2\/media?parent=1016"}],"wp:term":[{"taxonomy":"product_cat","embeddable":true,"href":"https:\/\/unikcollection.net\/fr\/wp-json\/wp\/v2\/product_cat?post=1016"},{"taxonomy":"product_tag","embeddable":true,"href":"https:\/\/unikcollection.net\/fr\/wp-json\/wp\/v2\/product_tag?post=1016"}],"curies":[{"name":"wp","href":"https:\/\/api.w.org\/{rel}","templated":true}]}}