{"id":590,"date":"2022-11-08T13:46:11","date_gmt":"2022-11-08T13:46:11","guid":{"rendered":"https:\/\/unikcollection.esoluce.com\/?page_id=590"},"modified":"2024-11-02T10:10:39","modified_gmt":"2024-11-02T10:10:39","slug":"shipping-policy","status":"publish","type":"page","link":"https:\/\/unikcollection.net\/fr\/shipping-policy\/","title":{"rendered":"Politique d'exp\u00e9dition"},"content":{"rendered":"<div data-elementor-type=\"wp-page\" data-elementor-id=\"590\" class=\"elementor elementor-590\">\n\t\t\t\t\t\t\t\t\t<section class=\"elementor-section elementor-top-section elementor-element elementor-element-e3e983f elementor-section-boxed elementor-section-height-default elementor-section-height-default wpr-particle-no wpr-jarallax-no wpr-parallax-no wpr-sticky-section-no\" data-id=\"e3e983f\" data-element_type=\"section\" data-settings=\"{&quot;_ha_eqh_enable&quot;:false}\">\n\t\t\t\t\t\t<div class=\"elementor-container elementor-column-gap-default\">\n\t\t\t\t\t<div class=\"elementor-column elementor-col-100 elementor-top-column elementor-element elementor-element-8fb8222\" data-id=\"8fb8222\" data-element_type=\"column\">\n\t\t\t<div class=\"elementor-widget-wrap elementor-element-populated\">\n\t\t\t\t\t\t\t\t<div class=\"elementor-element elementor-element-3cd358a elementor-widget elementor-widget-heading\" data-id=\"3cd358a\" data-element_type=\"widget\" data-widget_type=\"heading.default\">\n\t\t\t\t<div class=\"elementor-widget-container\">\n\t\t\t<style>\/*! elementor - v3.8.0 - 30-10-2022 *\/\n.elementor-heading-title{padding:0;margin:0;line-height:1}.elementor-widget-heading .elementor-heading-title[class*=elementor-size-]>a{color:inherit;font-size:inherit;line-height:inherit}.elementor-widget-heading .elementor-heading-title.elementor-size-small{font-size:15px}.elementor-widget-heading .elementor-heading-title.elementor-size-medium{font-size:19px}.elementor-widget-heading .elementor-heading-title.elementor-size-large{font-size:29px}.elementor-widget-heading .elementor-heading-title.elementor-size-xl{font-size:39px}.elementor-widget-heading .elementor-heading-title.elementor-size-xxl{font-size:59px}<\/style><h2 class=\"elementor-heading-title elementor-size-default\">Politique d'exp\u00e9dition<\/h2>\t\t<\/div>\n\t\t\t\t<\/div>\n\t\t\t\t\t<\/div>\n\t\t<\/div>\n\t\t\t\t\t\t\t<\/div>\n\t\t<\/section>\n\t\t\t\t<section class=\"elementor-section elementor-top-section elementor-element elementor-element-d21c3f3 elementor-section-boxed elementor-section-height-default elementor-section-height-default wpr-particle-no wpr-jarallax-no wpr-parallax-no wpr-sticky-section-no\" data-id=\"d21c3f3\" data-element_type=\"section\" data-settings=\"{&quot;_ha_eqh_enable&quot;:false}\">\n\t\t\t\t\t\t<div class=\"elementor-container elementor-column-gap-default\">\n\t\t\t\t\t<div class=\"elementor-column elementor-col-33 elementor-top-column elementor-element elementor-element-81ee4ae\" data-id=\"81ee4ae\" data-element_type=\"column\">\n\t\t\t<div class=\"elementor-widget-wrap\">\n\t\t\t\t\t\t\t\t\t<\/div>\n\t\t<\/div>\n\t\t\t\t<div class=\"elementor-column elementor-col-33 elementor-top-column elementor-element elementor-element-b1588fc\" data-id=\"b1588fc\" data-element_type=\"column\">\n\t\t\t<div class=\"elementor-widget-wrap elementor-element-populated\">\n\t\t\t\t\t\t\t\t<div class=\"elementor-element elementor-element-1e3c6f2 elementor-widget elementor-widget-image\" data-id=\"1e3c6f2\" data-element_type=\"widget\" data-widget_type=\"image.default\">\n\t\t\t\t<div class=\"elementor-widget-container\">\n\t\t\t<style>\/*! elementor - v3.8.0 - 30-10-2022 *\/\n.elementor-widget-image{text-align:center}.elementor-widget-image a{display:inline-block}.elementor-widget-image a img[src$=\".svg\"]{width:48px}.elementor-widget-image img{vertical-align:middle;display:inline-block}<\/style>\t\t\t\t\t\t\t\t\t\t\t\t<img loading=\"lazy\" decoding=\"async\" width=\"1024\" height=\"371\" src=\"https:\/\/unikcollection.net\/wp-content\/uploads\/2022\/11\/best-shipping-company-for-small-business-1024x371.png\" class=\"attachment-large size-large\" alt=\"\" srcset=\"https:\/\/unikcollection.net\/wp-content\/uploads\/2022\/11\/best-shipping-company-for-small-business-1024x371.png 1024w, https:\/\/unikcollection.net\/wp-content\/uploads\/2022\/11\/best-shipping-company-for-small-business-300x109.png 300w, https:\/\/unikcollection.net\/wp-content\/uploads\/2022\/11\/best-shipping-company-for-small-business-768x278.png 768w, https:\/\/unikcollection.net\/wp-content\/uploads\/2022\/11\/best-shipping-company-for-small-business-600x217.png 600w, https:\/\/unikcollection.net\/wp-content\/uploads\/2022\/11\/best-shipping-company-for-small-business.png 1520w\" sizes=\"(max-width: 1024px) 100vw, 1024px\" \/>\t\t\t\t\t\t\t\t\t\t\t\t\t\t\t<\/div>\n\t\t\t\t<\/div>\n\t\t\t\t<div class=\"elementor-element elementor-element-ae36ef3 elementor-widget elementor-widget-text-editor\" data-id=\"ae36ef3\" data-element_type=\"widget\" data-widget_type=\"text-editor.default\">\n\t\t\t\t<div class=\"elementor-widget-container\">\n\t\t\t<style>\/*! elementor - v3.8.0 - 30-10-2022 *\/\n.elementor-widget-text-editor.elementor-drop-cap-view-stacked .elementor-drop-cap{background-color:#818a91;color:#fff}.elementor-widget-text-editor.elementor-drop-cap-view-framed .elementor-drop-cap{color:#818a91;border:3px solid;background-color:transparent}.elementor-widget-text-editor:not(.elementor-drop-cap-view-default) .elementor-drop-cap{margin-top:8px}.elementor-widget-text-editor:not(.elementor-drop-cap-view-default) .elementor-drop-cap-letter{width:1em;height:1em}.elementor-widget-text-editor .elementor-drop-cap{float:left;text-align:center;line-height:1;font-size:50px}.elementor-widget-text-editor .elementor-drop-cap-letter{display:inline-block}<\/style>\t\t\t\t<div>Nous voulons que vous ayez la meilleure exp\u00e9rience possible et que vous preniez plaisir \u00e0 faire vos achats avec nous. Pour la plupart des commandes, veuillez pr\u00e9voir jusqu'\u00e0 21 jours ouvrables pour la livraison, mais vous trouverez ci-dessous des pr\u00e9cisions sur les d\u00e9lais d'exp\u00e9dition pour diff\u00e9rentes parties du monde. Nous utilisons ce d\u00e9lai \u00e0 titre de pr\u00e9caution pour nous assurer que votre commande sera livr\u00e9e \u00e0 temps, mais dans la plupart des cas, les commandes arrivent bien avant le d\u00e9lai maximum.<\/div><div><p>Si vous avez des questions ou des probl\u00e8mes, ou si vous avez besoin d'aide pour suivre votre commande, veuillez utiliser le formulaire de demande d'informations.\u00a0<strong>Contactez-nous<\/strong>\u00a0en haut de cette page. Nous r\u00e9pondrons dans les 24 heures \u00e0 votre courriel. Les informations de suivi sont disponibles dans un d\u00e9lai de 4 \u00e0 5 jours ouvrables \u00e0 compter du jour o\u00f9 nous vous avons envoy\u00e9 le code de suivi.<\/p><p><em>D\u00e9lai de livraison estim\u00e9 \u00e0\u00a0<strong>US<\/strong>: 5-15 jours ouvrables via Express USPS<\/em><em>\u00a0 <\/em><\/p><p>Pour plus d'informations,\u00a0<a href=\"https:\/\/unikcollection.net\/fr\/contact-us\/\" target=\"_blank\" rel=\"noopener\">Nous contacter<\/a>.<\/p><p>Suivez-nous sur\u00a0<a href=\"https:\/\/www.facebook.com\/unikcollectionllc\" target=\"_blank\" rel=\"noopener\"><strong>Facebook<\/strong><\/a>,\u00a0<a href=\"https:\/\/www.instagram.com\/unikcollectionllc\/\" target=\"_blank\" rel=\"noopener\"><strong>Instagram<\/strong><\/a>,\u00a0<strong><a href=\"https:\/\/fr.pinterest.com\/unikcollection\/\" target=\"_blank\" rel=\"noopener\">Pinterest<\/a><\/strong>et\u00a0<a href=\"https:\/\/www.tiktok.com\/@unikcollection\" target=\"_blank\" rel=\"noopener\"><strong>TikTok<\/strong><\/a>.<\/p><\/div><div>\u00a0<\/div>\t\t\t\t\t\t<\/div>\n\t\t\t\t<\/div>\n\t\t\t\t\t<\/div>\n\t\t<\/div>\n\t\t\t\t<div class=\"elementor-column elementor-col-33 elementor-top-column elementor-element elementor-element-1422ca1\" data-id=\"1422ca1\" data-element_type=\"column\">\n\t\t\t<div class=\"elementor-widget-wrap\">\n\t\t\t\t\t\t\t\t\t<\/div>\n\t\t<\/div>\n\t\t\t\t\t\t\t<\/div>\n\t\t<\/section>\n\t\t\t\t\t\t\t<\/div>","protected":false},"excerpt":{"rendered":"<p>Shipping Policy We want you to have the best experience possible and enjoy shopping with us. For most orders, please allow up to 21 business days for delivery but below outlines further specifics surrounding shipping timeframes for different parts of the world. We use this timeframe as a precaution to ensure your order delivers in time, but in most cases orders arrive well before the maximum timeframe. If you have any questions, issues or need assistance with tracking your order please use the\u00a0&#8216;Contact Us&#8217;\u00a0link on top of this page.\u00a0We will respond within 24 hours to your email.\u00a0Tracking information is available within\u00a04-5 business days from the day we sent you the tracking code. Estimated delivery time to\u00a0US:\u00a05-15 business days via Express USPS\u00a0 For more informations,\u00a0Contact-us. Follow us on\u00a0Facebook,\u00a0Instagram,\u00a0Pinterest, and\u00a0TikTok.<\/p>","protected":false},"author":1,"featured_media":0,"parent":0,"menu_order":0,"comment_status":"closed","ping_status":"closed","template":"elementor_header_footer","meta":{"om_disable_all_campaigns":false,"_monsterinsights_skip_tracking":false,"_monsterinsights_sitenote_active":false,"_monsterinsights_sitenote_note":"","_monsterinsights_sitenote_category":0,"footnotes":""},"class_list":["post-590","page","type-page","status-publish","hentry"],"blocksy_meta":{"styles_descriptor":{"styles":{"desktop":"","tablet":"","mobile":""},"google_fonts":[],"version":6}},"aioseo_notices":[],"_links":{"self":[{"href":"https:\/\/unikcollection.net\/fr\/wp-json\/wp\/v2\/pages\/590"}],"collection":[{"href":"https:\/\/unikcollection.net\/fr\/wp-json\/wp\/v2\/pages"}],"about":[{"href":"https:\/\/unikcollection.net\/fr\/wp-json\/wp\/v2\/types\/page"}],"author":[{"embeddable":true,"href":"https:\/\/unikcollection.net\/fr\/wp-json\/wp\/v2\/users\/1"}],"replies":[{"embeddable":true,"href":"https:\/\/unikcollection.net\/fr\/wp-json\/wp\/v2\/comments?post=590"}],"version-history":[{"count":12,"href":"https:\/\/unikcollection.net\/fr\/wp-json\/wp\/v2\/pages\/590\/revisions"}],"predecessor-version":[{"id":1709,"href":"https:\/\/unikcollection.net\/fr\/wp-json\/wp\/v2\/pages\/590\/revisions\/1709"}],"wp:attachment":[{"href":"https:\/\/unikcollection.net\/fr\/wp-json\/wp\/v2\/media?parent=590"}],"curies":[{"name":"wp","href":"https:\/\/api.w.org\/{rel}","templated":true}]}}