{"id":51,"date":"2022-11-02T18:27:51","date_gmt":"2022-11-02T18:27:51","guid":{"rendered":"https:\/\/unikcollection.esoluce.com\/?page_id=51"},"modified":"2024-11-01T21:14:06","modified_gmt":"2024-11-01T21:14:06","slug":"about-us","status":"publish","type":"page","link":"https:\/\/unikcollection.net\/fr\/about-us\/","title":{"rendered":"A propos de nous"},"content":{"rendered":"<div data-elementor-type=\"wp-page\" data-elementor-id=\"51\" class=\"elementor elementor-51\">\n\t\t\t\t\t\t\t\t\t<section class=\"elementor-section elementor-top-section elementor-element elementor-element-f1de6ec elementor-section-boxed elementor-section-height-default elementor-section-height-default wpr-particle-no wpr-jarallax-no wpr-parallax-no wpr-sticky-section-no\" data-id=\"f1de6ec\" data-element_type=\"section\" data-settings=\"{&quot;_ha_eqh_enable&quot;:false}\">\n\t\t\t\t\t\t<div class=\"elementor-container elementor-column-gap-default\">\n\t\t\t\t\t<div class=\"elementor-column elementor-col-100 elementor-top-column elementor-element elementor-element-ac15000\" data-id=\"ac15000\" data-element_type=\"column\">\n\t\t\t<div class=\"elementor-widget-wrap elementor-element-populated\">\n\t\t\t\t\t\t\t\t<div class=\"elementor-element elementor-element-096cf4a elementor-widget elementor-widget-heading\" data-id=\"096cf4a\" data-element_type=\"widget\" data-widget_type=\"heading.default\">\n\t\t\t\t<div class=\"elementor-widget-container\">\n\t\t\t<style>\/*! elementor - v3.8.0 - 30-10-2022 *\/\n.elementor-heading-title{padding:0;margin:0;line-height:1}.elementor-widget-heading .elementor-heading-title[class*=elementor-size-]>a{color:inherit;font-size:inherit;line-height:inherit}.elementor-widget-heading .elementor-heading-title.elementor-size-small{font-size:15px}.elementor-widget-heading .elementor-heading-title.elementor-size-medium{font-size:19px}.elementor-widget-heading .elementor-heading-title.elementor-size-large{font-size:29px}.elementor-widget-heading .elementor-heading-title.elementor-size-xl{font-size:39px}.elementor-widget-heading .elementor-heading-title.elementor-size-xxl{font-size:59px}<\/style><h2 class=\"elementor-heading-title elementor-size-default\">\u00c0 PROPOS DE NOUS<\/h2>\t\t<\/div>\n\t\t\t\t<\/div>\n\t\t\t\t\t<\/div>\n\t\t<\/div>\n\t\t\t\t\t\t\t<\/div>\n\t\t<\/section>\n\t\t\t\t<section class=\"elementor-section elementor-top-section elementor-element elementor-element-8fd9243 elementor-section-boxed elementor-section-height-default elementor-section-height-default wpr-particle-no wpr-jarallax-no wpr-parallax-no wpr-sticky-section-no\" data-id=\"8fd9243\" data-element_type=\"section\" data-settings=\"{&quot;_ha_eqh_enable&quot;:false}\">\n\t\t\t\t\t\t<div class=\"elementor-container elementor-column-gap-default\">\n\t\t\t\t\t<div class=\"elementor-column elementor-col-50 elementor-top-column elementor-element elementor-element-206c0753\" data-id=\"206c0753\" data-element_type=\"column\">\n\t\t\t<div class=\"elementor-widget-wrap elementor-element-populated\">\n\t\t\t\t\t\t\t\t<div class=\"elementor-element elementor-element-73661cef elementor-widget elementor-widget-heading\" data-id=\"73661cef\" data-element_type=\"widget\" data-widget_type=\"heading.default\">\n\t\t\t\t<div class=\"elementor-widget-container\">\n\t\t\t<h2 class=\"elementor-heading-title elementor-size-default\">Nous aimons la mode<\/h2>\t\t<\/div>\n\t\t\t\t<\/div>\n\t\t\t\t<div class=\"elementor-element elementor-element-1ce802fc elementor-widget elementor-widget-text-editor\" data-id=\"1ce802fc\" data-element_type=\"widget\" data-widget_type=\"text-editor.default\">\n\t\t\t\t<div class=\"elementor-widget-container\">\n\t\t\t<style>\/*! elementor - v3.8.0 - 30-10-2022 *\/\n.elementor-widget-text-editor.elementor-drop-cap-view-stacked .elementor-drop-cap{background-color:#818a91;color:#fff}.elementor-widget-text-editor.elementor-drop-cap-view-framed .elementor-drop-cap{color:#818a91;border:3px solid;background-color:transparent}.elementor-widget-text-editor:not(.elementor-drop-cap-view-default) .elementor-drop-cap{margin-top:8px}.elementor-widget-text-editor:not(.elementor-drop-cap-view-default) .elementor-drop-cap-letter{width:1em;height:1em}.elementor-widget-text-editor .elementor-drop-cap{float:left;text-align:center;line-height:1;font-size:50px}.elementor-widget-text-editor .elementor-drop-cap-letter{display:inline-block}<\/style>\t\t\t\t<p>Nous vendons des v\u00eatements (costumes, chemises, polos, cravates, pantalons, robes...) et des chaussures pour hommes et femmes au style \u00e9l\u00e9gant, que ce soit pour des sorties d\u00e9contract\u00e9es, le travail ou des \u00e9v\u00e9nements tels que des mariages, des anniversaires et autres.<\/p><p>Retrouvez-nous sur <a href=\"https:\/\/www.facebook.com\/unique.senario\" target=\"_blank\" rel=\"noopener\"><span style=\"text-decoration: underline;\"><strong>Facebook<\/strong><\/span><\/a><\/p>\t\t\t\t\t\t<\/div>\n\t\t\t\t<\/div>\n\t\t\t\t\t<\/div>\n\t\t<\/div>\n\t\t\t\t<div class=\"elementor-column elementor-col-50 elementor-top-column elementor-element elementor-element-33ef5130\" data-id=\"33ef5130\" data-element_type=\"column\">\n\t\t\t<div class=\"elementor-widget-wrap elementor-element-populated\">\n\t\t\t\t\t\t\t\t<div class=\"elementor-element elementor-element-1c489811 elementor-widget elementor-widget-image\" data-id=\"1c489811\" data-element_type=\"widget\" data-widget_type=\"image.default\">\n\t\t\t\t<div class=\"elementor-widget-container\">\n\t\t\t<style>\/*! elementor - v3.8.0 - 30-10-2022 *\/\n.elementor-widget-image{text-align:center}.elementor-widget-image a{display:inline-block}.elementor-widget-image a img[src$=\".svg\"]{width:48px}.elementor-widget-image img{vertical-align:middle;display:inline-block}<\/style>\t\t\t\t\t\t\t\t\t\t\t\t<img loading=\"lazy\" decoding=\"async\" width=\"768\" height=\"513\" src=\"https:\/\/unikcollection.net\/wp-content\/uploads\/2022\/11\/il_1588xN.1205641349_q4hd-768x513.webp\" class=\"attachment-medium_large size-medium_large\" alt=\"\" srcset=\"https:\/\/unikcollection.net\/wp-content\/uploads\/2022\/11\/il_1588xN.1205641349_q4hd-768x513.webp 768w, https:\/\/unikcollection.net\/wp-content\/uploads\/2022\/11\/il_1588xN.1205641349_q4hd-300x200.webp 300w, https:\/\/unikcollection.net\/wp-content\/uploads\/2022\/11\/il_1588xN.1205641349_q4hd-1024x684.webp 1024w, https:\/\/unikcollection.net\/wp-content\/uploads\/2022\/11\/il_1588xN.1205641349_q4hd-1536x1025.webp 1536w, https:\/\/unikcollection.net\/wp-content\/uploads\/2022\/11\/il_1588xN.1205641349_q4hd-600x401.webp 600w, https:\/\/unikcollection.net\/wp-content\/uploads\/2022\/11\/il_1588xN.1205641349_q4hd.webp 1588w\" sizes=\"(max-width: 768px) 100vw, 768px\" \/>\t\t\t\t\t\t\t\t\t\t\t\t\t\t\t<\/div>\n\t\t\t\t<\/div>\n\t\t\t\t\t<\/div>\n\t\t<\/div>\n\t\t\t\t\t\t\t<\/div>\n\t\t<\/section>\n\t\t\t\t<section class=\"elementor-section elementor-top-section elementor-element elementor-element-c50fff00 elementor-section-boxed elementor-section-height-default elementor-section-height-default wpr-particle-no wpr-jarallax-no wpr-parallax-no wpr-sticky-section-no\" data-id=\"c50fff00\" data-element_type=\"section\" data-settings=\"{&quot;_ha_eqh_enable&quot;:false}\">\n\t\t\t\t\t\t<div class=\"elementor-container elementor-column-gap-default\">\n\t\t\t\t\t<div class=\"elementor-column elementor-col-100 elementor-top-column elementor-element elementor-element-5607e115\" data-id=\"5607e115\" data-element_type=\"column\">\n\t\t\t<div class=\"elementor-widget-wrap elementor-element-populated\">\n\t\t\t\t\t\t\t\t<div class=\"elementor-element elementor-element-70f3635d elementor-widget elementor-widget-spacer\" data-id=\"70f3635d\" data-element_type=\"widget\" data-widget_type=\"spacer.default\">\n\t\t\t\t<div class=\"elementor-widget-container\">\n\t\t\t<style>\/*! elementor - v3.8.0 - 30-10-2022 *\/\n.elementor-column .elementor-spacer-inner{height:var(--spacer-size)}.e-con{--container-widget-width:100%}.e-con-inner>.elementor-widget-spacer,.e-con>.elementor-widget-spacer{width:var(--container-widget-width,var(--spacer-size));-ms-flex-item-align:stretch;align-self:stretch;-ms-flex-negative:0;flex-shrink:0}.e-con-inner>.elementor-widget-spacer>.elementor-widget-container,.e-con-inner>.elementor-widget-spacer>.elementor-widget-container>.elementor-spacer,.e-con>.elementor-widget-spacer>.elementor-widget-container,.e-con>.elementor-widget-spacer>.elementor-widget-container>.elementor-spacer{height:100%}.e-con-inner>.elementor-widget-spacer>.elementor-widget-container>.elementor-spacer>.elementor-spacer-inner,.e-con>.elementor-widget-spacer>.elementor-widget-container>.elementor-spacer>.elementor-spacer-inner{height:var(--container-widget-height,var(--spacer-size))}<\/style>\t\t<div class=\"elementor-spacer\">\n\t\t\t<div class=\"elementor-spacer-inner\"><\/div>\n\t\t<\/div>\n\t\t\t\t<\/div>\n\t\t\t\t<\/div>\n\t\t\t\t\t<\/div>\n\t\t<\/div>\n\t\t\t\t\t\t\t<\/div>\n\t\t<\/section>\n\t\t\t\t<section class=\"elementor-section elementor-top-section elementor-element elementor-element-7a7881e9 elementor-section-boxed elementor-section-height-default elementor-section-height-default wpr-particle-no wpr-jarallax-no wpr-parallax-no wpr-sticky-section-no\" data-id=\"7a7881e9\" data-element_type=\"section\" data-settings=\"{&quot;_ha_eqh_enable&quot;:false}\">\n\t\t\t\t\t\t<div class=\"elementor-container elementor-column-gap-default\">\n\t\t\t\t\t<div class=\"elementor-column elementor-col-100 elementor-top-column elementor-element elementor-element-5620e12f\" data-id=\"5620e12f\" data-element_type=\"column\">\n\t\t\t<div class=\"elementor-widget-wrap elementor-element-populated\">\n\t\t\t\t\t\t\t\t<div class=\"elementor-element elementor-element-7d63f93 elementor-widget elementor-widget-heading\" data-id=\"7d63f93\" data-element_type=\"widget\" data-widget_type=\"heading.default\">\n\t\t\t\t<div class=\"elementor-widget-container\">\n\t\t\t<h2 class=\"elementor-heading-title elementor-size-default\">Comment tout a commenc\u00e9<\/h2>\t\t<\/div>\n\t\t\t\t<\/div>\n\t\t\t\t<div class=\"elementor-element elementor-element-948f18f wpr-list-style-none elementor-widget elementor-widget-wpr-posts-timeline\" data-id=\"948f18f\" data-element_type=\"widget\" data-settings=\"{&quot;animation_offset&quot;:150,&quot;aos_animation_duration&quot;:600}\" data-widget_type=\"wpr-posts-timeline.default\">\n\t\t\t\t<div class=\"elementor-widget-container\">\n\t\t\t\n\t\t<div class=\"wpr-wrapper wpr-vertical wpr-centered\">\n\t\t\t<div class=\"wpr-timeline-centered wpr-line wpr-both-sided-timeline\"><div class=\"wpr-middle-line\"><\/div><span class=\"wpr-year-wrap\"><span class=\"wpr-year-label wpr-year\">2014<\/span><\/span><article class=\"wpr-timeline-entry wpr-left-aligned elementor-repeater-item-f94da51\" data-item-id=\"elementor-repeater-item-f94da51\"><time class=\"wpr-extra-label\" data-aos=\"slide-up\" data-aos-left=\"\" data-aos-right=\"\" data-animation-offset=\"150\" data-animation-duration=\"600\"><span class=\"wpr-label\">Janvier 2014<\/span><span class=\"wpr-sub-label\">Tout a commenc\u00e9 par l'impression de t-shirts et de n\u0153uds papillon personnalis\u00e9s, au service des consommateurs locaux, puis s'est d\u00e9velopp\u00e9 avec la demande en ligne des m\u00e9dias sociaux. <\/span><\/time><div class=\"wpr-timeline-entry-inner\"><div class=\"wpr-main-line-icon wpr-icon\"><i aria-hidden=\"true\" class=\"far fa-kiss-wink-heart\"><\/i><\/div><div class=\"wpr-story-info-vertical wpr-data-wrap\"  data-aos=\"slide-up\" data-aos-left=\"\" data-aos-right=\"\" data-animation-offset=\"150\" data-animation-duration=\"600\"><div class=\"wpr-animation-wrap wpr-timeline-media\"><img loading=\"lazy\" decoding=\"async\" width=\"2000\" height=\"1202\" src=\"https:\/\/unikcollection.net\/wp-content\/uploads\/2022\/11\/pexels-shvets-productioiiin-6uuuu974923.jpg\" class=\"attachment-full size-full\" alt=\"\" srcset=\"https:\/\/unikcollection.net\/wp-content\/uploads\/2022\/11\/pexels-shvets-productioiiin-6uuuu974923.jpg 2000w, https:\/\/unikcollection.net\/wp-content\/uploads\/2022\/11\/pexels-shvets-productioiiin-6uuuu974923-300x180.jpg 300w, https:\/\/unikcollection.net\/wp-content\/uploads\/2022\/11\/pexels-shvets-productioiiin-6uuuu974923-1024x615.jpg 1024w, https:\/\/unikcollection.net\/wp-content\/uploads\/2022\/11\/pexels-shvets-productioiiin-6uuuu974923-768x462.jpg 768w, https:\/\/unikcollection.net\/wp-content\/uploads\/2022\/11\/pexels-shvets-productioiiin-6uuuu974923-1536x923.jpg 1536w, https:\/\/unikcollection.net\/wp-content\/uploads\/2022\/11\/pexels-shvets-productioiiin-6uuuu974923-600x361.jpg 600w\" sizes=\"(max-width: 2000px) 100vw, 2000px\" \/><div class=\"wpr-timeline-story-overlay  wpr-overlay-fade-out wpr-anim-size-large wpr-anim-timing-ease-default wpr-anim-transparency\"><p class=\"wpr-title-wrap\"><span class=\"wpr-title\">Comment \u00e7a commence<\/span><\/p><\/div><\/div><div class=\"wpr-content-wrapper\"><\/div><\/div>\n\t\t\t\t\t\t<\/div>\n\t\t\t\t<\/article><article class=\"wpr-timeline-entry wpr-right-aligned elementor-repeater-item-2a37755\" data-item-id=\"elementor-repeater-item-2a37755\"><time class=\"wpr-extra-label\" data-aos=\"slide-up\" data-aos-left=\"\" data-aos-right=\"\" data-animation-offset=\"150\" data-animation-duration=\"600\"><span class=\"wpr-label\">En 2017<\/span><span class=\"wpr-sub-label\">Nous avons \u00e9t\u00e9 en mesure d'ajouter des produits plus \u00e9l\u00e9gants et avons commenc\u00e9 \u00e0 mettre en valeur <\/span><\/time><div class=\"wpr-timeline-entry-inner\"><div class=\"wpr-main-line-icon wpr-icon\"><i aria-hidden=\"true\" class=\"fas fa-dove\"><\/i><\/div><div class=\"wpr-story-info-vertical wpr-data-wrap\"  data-aos=\"slide-up\" data-aos-left=\"\" data-aos-right=\"\" data-animation-offset=\"150\" data-animation-duration=\"600\"><div class=\"wpr-animation-wrap wpr-timeline-media\"><img loading=\"lazy\" decoding=\"async\" width=\"981\" height=\"981\" src=\"https:\/\/unikcollection.net\/wp-content\/uploads\/2022\/11\/IMG-20221017-WA0019.jpg\" class=\"attachment-full size-full\" alt=\"\" srcset=\"https:\/\/unikcollection.net\/wp-content\/uploads\/2022\/11\/IMG-20221017-WA0019.jpg 981w, https:\/\/unikcollection.net\/wp-content\/uploads\/2022\/11\/IMG-20221017-WA0019-300x300.jpg 300w, https:\/\/unikcollection.net\/wp-content\/uploads\/2022\/11\/IMG-20221017-WA0019-150x150.jpg 150w, https:\/\/unikcollection.net\/wp-content\/uploads\/2022\/11\/IMG-20221017-WA0019-768x768.jpg 768w, https:\/\/unikcollection.net\/wp-content\/uploads\/2022\/11\/IMG-20221017-WA0019-600x600.jpg 600w, https:\/\/unikcollection.net\/wp-content\/uploads\/2022\/11\/IMG-20221017-WA0019-100x100.jpg 100w\" sizes=\"(max-width: 981px) 100vw, 981px\" \/><div class=\"wpr-timeline-story-overlay  wpr-overlay-fade-out wpr-anim-size-large wpr-anim-timing-ease-default wpr-anim-transparency\"><\/div><\/div><div class=\"wpr-content-wrapper\"><\/div><\/div>\n\t\t\t\t\t\t<\/div>\n\t\t\t\t<\/article><span class=\"wpr-year-wrap\"><span class=\"wpr-year-label wpr-year\">2018<\/span><\/span><article class=\"wpr-timeline-entry wpr-left-aligned elementor-repeater-item-dc77abf\" data-item-id=\"elementor-repeater-item-dc77abf\"><time class=\"wpr-extra-label\" data-aos=\"slide-up\" data-aos-left=\"\" data-aos-right=\"\" data-animation-offset=\"150\" data-animation-duration=\"600\"><span class=\"wpr-label\">En 2018<\/span><span class=\"wpr-sub-label\">Nous avons remport\u00e9 un troph\u00e9e de la mode du cin\u00e9ma \u00e0 Charlotte, NC. Nous avons \u00e9t\u00e9 en mesure de livrer des produits de qualit\u00e9 \u00e0 nos clients du monde entier avec amour et soin.<\/span><\/time><div class=\"wpr-timeline-entry-inner\"><div class=\"wpr-main-line-icon wpr-icon\"><i aria-hidden=\"true\" class=\"fab fa-dribbble\"><\/i><\/div><div class=\"wpr-story-info-vertical wpr-data-wrap\"  data-aos=\"slide-up\" data-aos-left=\"\" data-aos-right=\"\" data-animation-offset=\"150\" data-animation-duration=\"600\"><div class=\"wpr-animation-wrap wpr-timeline-media\"><img loading=\"lazy\" decoding=\"async\" width=\"1876\" height=\"1251\" src=\"https:\/\/unikcollection.net\/wp-content\/uploads\/2022\/11\/cfda-awards-trophy.jpeg\" class=\"attachment-full size-full\" alt=\"\" srcset=\"https:\/\/unikcollection.net\/wp-content\/uploads\/2022\/11\/cfda-awards-trophy.jpeg 1876w, https:\/\/unikcollection.net\/wp-content\/uploads\/2022\/11\/cfda-awards-trophy-300x200.jpeg 300w, https:\/\/unikcollection.net\/wp-content\/uploads\/2022\/11\/cfda-awards-trophy-1024x683.jpeg 1024w, https:\/\/unikcollection.net\/wp-content\/uploads\/2022\/11\/cfda-awards-trophy-768x512.jpeg 768w, https:\/\/unikcollection.net\/wp-content\/uploads\/2022\/11\/cfda-awards-trophy-1536x1024.jpeg 1536w, https:\/\/unikcollection.net\/wp-content\/uploads\/2022\/11\/cfda-awards-trophy-600x400.jpeg 600w\" sizes=\"(max-width: 1876px) 100vw, 1876px\" \/><div class=\"wpr-timeline-story-overlay  wpr-overlay-fade-out wpr-anim-size-large wpr-anim-timing-ease-default wpr-anim-transparency\"><p class=\"wpr-title-wrap\"><span class=\"wpr-title\">Troph\u00e9e du film de mode<\/span><\/p><\/div><\/div><div class=\"wpr-content-wrapper\"><\/div><\/div>\n\t\t\t\t\t\t<\/div>\n\t\t\t\t<\/article><span class=\"wpr-year-wrap\"><span class=\"wpr-year-label wpr-year\">Aujourd'hui<\/span><\/span><article class=\"wpr-timeline-entry wpr-right-aligned elementor-repeater-item-528a050\" data-item-id=\"elementor-repeater-item-528a050\"><time class=\"wpr-extra-label\" data-aos=\"slide-up\" data-aos-left=\"\" data-aos-right=\"\" data-animation-offset=\"150\" data-animation-duration=\"600\"><span class=\"wpr-label\">Aujourd'hui<\/span><span class=\"wpr-sub-label\">Nous continuons \u00e0 faire tout notre possible pour vous rendre unique \u00e0 travers vos v\u00eatements.<\/span><\/time><div class=\"wpr-timeline-entry-inner\"><div class=\"wpr-main-line-icon wpr-icon\"><i aria-hidden=\"true\" class=\"fas fa-palette\"><\/i><\/div><div class=\"wpr-story-info-vertical wpr-data-wrap\"  data-aos=\"slide-up\" data-aos-left=\"\" data-aos-right=\"\" data-animation-offset=\"150\" data-animation-duration=\"600\"><div class=\"wpr-animation-wrap wpr-timeline-media\"><img loading=\"lazy\" decoding=\"async\" width=\"1989\" height=\"1862\" src=\"https:\/\/unikcollection.net\/wp-content\/uploads\/2022\/11\/FB_IMG_1664023365188.jpg\" class=\"attachment-full size-full\" alt=\"\" srcset=\"https:\/\/unikcollection.net\/wp-content\/uploads\/2022\/11\/FB_IMG_1664023365188.jpg 1989w, https:\/\/unikcollection.net\/wp-content\/uploads\/2022\/11\/FB_IMG_1664023365188-300x281.jpg 300w, https:\/\/unikcollection.net\/wp-content\/uploads\/2022\/11\/FB_IMG_1664023365188-1024x959.jpg 1024w, https:\/\/unikcollection.net\/wp-content\/uploads\/2022\/11\/FB_IMG_1664023365188-768x719.jpg 768w, https:\/\/unikcollection.net\/wp-content\/uploads\/2022\/11\/FB_IMG_1664023365188-1536x1438.jpg 1536w, https:\/\/unikcollection.net\/wp-content\/uploads\/2022\/11\/FB_IMG_1664023365188-600x562.jpg 600w\" sizes=\"(max-width: 1989px) 100vw, 1989px\" \/><div class=\"wpr-timeline-story-overlay  wpr-overlay-fade-out wpr-anim-size-large wpr-anim-timing-ease-default wpr-anim-transparency\"><\/div><\/div><div class=\"wpr-content-wrapper\"><\/div><\/div>\n\t\t\t\t\t\t<\/div>\n\t\t\t\t<\/article><\/div>    \n\t\t\t<\/div>\t\t<\/div>\n\t\t\t\t<\/div>\n\t\t\t\t\t<\/div>\n\t\t<\/div>\n\t\t\t\t\t\t\t<\/div>\n\t\t<\/section>\n\t\t\t\t\t\t\t<\/div>","protected":false},"excerpt":{"rendered":"<p>A PROPOS DE NOUS Nous aimons la mode Nous vendons des v\u00eatements (costumes, chemises, polos, cravates, pantalons, robes...) et des chaussures pour hommes et femmes dans un style \u00e9l\u00e9gant, que ce soit pour des sorties d\u00e9contract\u00e9es, le travail ou des \u00e9v\u00e9nements tels que mariages, anniversaires et autres. Retrouvez-nous sur Facebook Comment tout a commenc\u00e9 2014 Jan 2014Tout a commenc\u00e9 avec l'impression de t-shirts personnalis\u00e9s et de n\u0153uds papillon, au service des acheteurs locaux , puis s'est d\u00e9velopp\u00e9 avec la demande en ligne des m\u00e9dias sociaux. Comment \u00e7a commence En 2017Nous avons \u00e9t\u00e9 en mesure d'ajouter des produits plus \u00e9l\u00e9gants et a commenc\u00e9 \u00e0 montrer 2018 En 2018Nous avons remport\u00e9 un troph\u00e9e de mode de film \u00e0 Charlotte, NC. Nous avons \u00e9t\u00e9 en mesure de livrer des produits de qualit\u00e9 \u00e0 nos clients dans le monde entier avec amour et soin. Fashion Film Trophy Aujourd'hui Aujourd'huiNous continuons \u00e0 tout mettre en \u0153uvre pour vous rendre unique \u00e0 travers vos v\u00eatements.<\/p>","protected":false},"author":1,"featured_media":0,"parent":0,"menu_order":0,"comment_status":"closed","ping_status":"closed","template":"","meta":{"om_disable_all_campaigns":false,"_monsterinsights_skip_tracking":false,"_monsterinsights_sitenote_active":false,"_monsterinsights_sitenote_note":"","_monsterinsights_sitenote_category":0,"footnotes":""},"class_list":["post-51","page","type-page","status-publish","hentry"],"blocksy_meta":{"styles_descriptor":{"styles":{"desktop":"","tablet":"","mobile":""},"google_fonts":[],"version":6}},"aioseo_notices":[],"_links":{"self":[{"href":"https:\/\/unikcollection.net\/fr\/wp-json\/wp\/v2\/pages\/51"}],"collection":[{"href":"https:\/\/unikcollection.net\/fr\/wp-json\/wp\/v2\/pages"}],"about":[{"href":"https:\/\/unikcollection.net\/fr\/wp-json\/wp\/v2\/types\/page"}],"author":[{"embeddable":true,"href":"https:\/\/unikcollection.net\/fr\/wp-json\/wp\/v2\/users\/1"}],"replies":[{"embeddable":true,"href":"https:\/\/unikcollection.net\/fr\/wp-json\/wp\/v2\/comments?post=51"}],"version-history":[{"count":51,"href":"https:\/\/unikcollection.net\/fr\/wp-json\/wp\/v2\/pages\/51\/revisions"}],"predecessor-version":[{"id":1669,"href":"https:\/\/unikcollection.net\/fr\/wp-json\/wp\/v2\/pages\/51\/revisions\/1669"}],"wp:attachment":[{"href":"https:\/\/unikcollection.net\/fr\/wp-json\/wp\/v2\/media?parent=51"}],"curies":[{"name":"wp","href":"https:\/\/api.w.org\/{rel}","templated":true}]}}